{"id":1873817,"date":"2024-02-02T10:44:49","date_gmt":"2024-02-02T08:44:49","guid":{"rendered":"https:\/\/dev.luigemoobel.ee\/?page_id=1873817"},"modified":"2025-01-19T23:36:25","modified_gmt":"2025-01-19T21:36:25","slug":"privaatsustingimused","status":"publish","type":"page","link":"https:\/\/dev.luigemoobel.ee\/en\/privaatsustingimused\/","title":{"rendered":"Privaatsustingimused"},"content":{"rendered":"<div class=\"wpb-content-wrapper\"><p>[vc_row][vc_column]\n\t\t<div id=\"wd-6641d1762ddec\" class=\"title-wrapper wd-wpb wd-set-mb reset-last-child  wd-rs-6641d1762ddec wd-title-color-default wd-title-style-default text-left  wd-underline-colored\">\n\t\t\t\n\t\t\t<div class=\"liner-continer\">\n\t\t\t\t<h4 class=\"woodmart-title-container title  wd-font-weight- wd-fontsize-l\" >Privaatsustingimused<\/h4>\n\t\t\t\t\t\t\t<\/div>\n\t\t\t\n\t\t\t\n\t\t\t\n\t\t<\/div>\n\t\t\n\t\t[vc_column_text css=&#8221;&#8221; woodmart_inline=&#8221;no&#8221; text_larger=&#8221;no&#8221;]Antud Veebipoe isikuandmete vastutav t\u00f6\u00f6tleja on Entrega M\u00f6\u00f6bel O\u00dc (registrikood 12727492), J\u00e4rveotsa tee 11-12, Tallinn Harju maakond 13520, telefoni nr +372 55614446 , e-mail <a href=\"mailto:info@luigemoobel.ee\">info@luigemoobel.ee<\/a> . Entrega M\u00f6\u00f6bel O\u00dc edastab maksete teostamiseks vajalikud isikuandmed volitatud t\u00f6\u00f6tleja ESTO AS-le.<br \/>\nEntrega M\u00f6\u00f6bel O\u00dc l\u00e4htub isikuandmete t\u00f6\u00f6tlemisel andmete minimaalsuse printsiibist.<\/p>\n<p>Teenuskeskkondades sh. E-poes kogutakse isikuandmeid vaid teenuste osutamiseks ning isikute tuvastamiseks.<\/p>\n<p><strong>E-poes tehingu teostamisel t\u00f6\u00f6deldavad isikuandmed on:<\/strong><\/p>\n<ul>\n<li>nimi, telefoninumber ja e-posti aadress;<\/li>\n<li>kauba kohaletoimetamise aadress;<\/li>\n<li>pangakonto number;<\/li>\n<li>kaupade ja teenuste maksumus ja maksetega seotud andmed (ostuajalugu);<\/li>\n<li>klienditoe andmed.<\/li>\n<\/ul>\n<p><strong>Isikuandmete t\u00f6\u00f6tlemise eesm\u00e4rk<\/strong><\/p>\n<ul>\n<li>isikuandmeid kasutatakse kliendi tellimuste haldamiseks ja kauba kohaletoimetamiseks;<\/li>\n<li>ostuajaloo andmeid (ostu kuup\u00e4ev, kaup, kogus, kliendi andmed) kasutatakse ostetud kaupade ja teenuste \u00fclevaate koostamiseks ning kliendieelistuste anal\u00fc\u00fcsimiseks;<\/li>\n<li>pangakonto numbrit kasutatakse kliendile maksete tagastamiseks;<\/li>\n<li>isikuandmeid nagu e-post, telefoni nr, kliendi nimi, t\u00f6\u00f6deldakse selleks, et lahendada kaupade ja teenuste osutamise seonduvaid k\u00fcsimusi (klienditugi);<\/li>\n<li>veebipoe kasutaja IP-aadressi v\u00f5i teisi v\u00f5rguidentifikaatoreid t\u00f6\u00f6deldakse veebipoe kui info\u00fchiskonna teenuse osutamiseks ning veebikasutusstatistika tegemiseks.on Eesti Andmekaitse Inspektsioon (info@aki.ee).<\/li>\n<\/ul>\n<p><strong>Turvalisus ja andmetele ligip\u00e4\u00e4s<\/strong><\/p>\n<p>Isikuandmeid hoitakse serverites, mis asuvad Euroopa Liidu liikmesriigi v\u00f5i Euroopa Liidu majanduspiirkonnaga liitunud riikide territooriumil. Andmeid v\u00f5idakse edastada riikidesse, mille andmekaitse taset on Euroopa Komisjon hinnanud piisavaks ning USA ettev\u00f5tetele, kes on liitund andmekaitse kilbi (Privacy Shield) raamistikuga. Juurdep\u00e4\u00e4s isikuandmetele on veebipoe t\u00f6\u00f6tajatel, kes saavad isikuandmetega tutvuda selleks, et lahendada veebipoe kasutamisega seonduvaid tehnilisi k\u00fcsimusi ning osutada klienditoe teenust. Veebipood rakendab asjakohaseid f\u00fc\u00fcsilisi, organisatsioonilisi ja infotehnilisi turvameetmeid, et kaitsta isikuandmeid juhusliku v\u00f5i ebaseadusliku h\u00e4vitamise, kaotsimineku, muutmise v\u00f5i loata juurdep\u00e4\u00e4su ja avalikustamise eest. Isikuandmete edastamine veebipoe volitatud t\u00f6\u00f6tlejatele (nt transporditeenuse pakkuja ja andmemajutus) toimub veebipoe ja volitatud t\u00f6\u00f6tlejatega s\u00f5lmitud lepingute alusel. Volitatud t\u00f6\u00f6tlejaid on kohustatud tagama isikuandmete t\u00f6\u00f6tlemisel asjakohased kaitsemeetmed.<\/p>\n<p><strong>Isikuandmetega tutvumine ja parandamine<\/strong><br \/>\nIsikuandmetega saab tutvuda isikuandmetega klienditoe vahendusel.<\/p>\n<p><strong>N\u00f5usoleku tagasiv\u00f5tmine<\/strong><br \/>\nKui isikundmete t\u00f6\u00f6tlemine toimub kliendi n\u00f5usoleku alusel, siis on kliendil \u00f5igus n\u00f5usolek tagasi v\u00f5tta teavitades sellest kliendituge e-posti teel.<\/p>\n<p><strong>S\u00e4ilitamine<\/strong><\/p>\n<ul>\n<li>Veebipoes s\u00e4ilitatakse andmeid vaid juhtudel, mis on vajalikud raamatupidamise jaoks v\u00f5i tarbijavaidluste lahendamiseks.<\/li>\n<li>Veebipoes s\u00e4ilitatakse ostude ajalugu 3 aastat. Maksetega ja tarbijavaidlustega seotud vaidluste korral s\u00e4ilitatakse isikuandmed kuni n\u00f5ude t\u00e4itmiseni v\u00f5i aegumist\u00e4htaja l\u00f5puni. Raamatupidamise jaoks vajalikud isikuandmed s\u00e4ilitatakse seitse aastat.<\/li>\n<\/ul>\n<p><strong>Kustutamine<\/strong><br \/>\nIsikuandmete kustutamiseks tuleb v\u00f5tta \u00fchendust klienditoega e-posti teel <a href=\"mailto:info@luigemoobel.ee\">info@luigemoobel.ee<\/a> . Kustutamistaotlusele vastatakse mitte hiljem kui kuu aja jooksul ning t\u00e4psustakse andmete kustutamise perioodi.<\/p>\n<p>Klient saab tellida e-mailile Luige M\u00f6\u00f6bel uudiskirja ja SMS teavitusi, andes sellekohase n\u00f5usoleku kas ostu sooritamisel v\u00f5i registreerides oma e-posti aadressi, mobiiltelefoni kodulehel. N\u00f5usoleku uudiskirja saamiseks saab klient tagasi v\u00f5tta uudiskirjas sisalduva \u201eEemalda\u201c lingi kaudu. SMS teavituse loobumiseks tuleb kontakteeruda <a href=\"mailto:info@luigemoobel.ee\">info@luigemoobel.ee<\/a><\/p>\n<p>Kodulehe k\u00fclastamisel kogutakse k\u00fclastaja kohta isikustamata tehnilisi andmeid. Oma kodulehel kasutame k\u00fcpsiseid ehk v\u00e4ikseid tekstifaile, mis salvestatakse k\u00fclastaja arvutisse v\u00f5i mobiiliseadmesesse veebilehe k\u00fclastamisel. K\u00fcpsised on vajalikud otseselt teenuse pakkumiseks ning ka kasutajamugavuse anal\u00fc\u00fcsimiseks, et pakkuda kvaliteetsemat teenust.<\/p>\n<p>Teenuse pakkumiseks kasutame h\u00e4davajalikke ehk seansik\u00fcpsiseid, mis kustutakse, kui klient sulgeb veebibrauseri.<br \/>\nK\u00fcpsiseid saab kasutaja ise hallata (keelata ja lubada) oma veebibrauseri kaudu, kuid on oluline silmas pidada, et keelates h\u00e4davajalikud k\u00fcpsised pole v\u00f5imalik teenust kasutada.<\/p>\n<p><strong>Juhised enamlevinud veebibrauserite k\u00fcpsiste seadistamiseks leiab:<\/strong><\/p>\n<ul>\n<li>Internet Explorer:\u00a0<a href=\"http:\/\/support.microsoft.com\/kb\/278835\">http:\/\/support.microsoft.com\/kb\/278835<\/a><\/li>\n<li>Chrome:\u00a0<a href=\"https:\/\/support.google.com\/chrome\/answer\/95647?hl=en\">https:\/\/support.google.com\/chrome\/answer\/95647?hl=en<\/a><\/li>\n<li>Firefox:\u00a0<a href=\"http:\/\/support.mozilla.org\/en-US\/kb\/Clear%20Recent%20History\">http:\/\/support.mozilla.org\/en-US\/kb\/Clear%20Recent%20History<\/a><\/li>\n<li>Safari:\u00a0<a href=\"http:\/\/support.apple.com\/kb\/PH5042\">http:\/\/support.apple.com\/kb\/PH5042<\/a><\/li>\n<\/ul>\n<p>Veebilehti ja\/v\u00f5i teenuskeskkondasid kasutades olete k\u00e4esolevate p\u00f5him\u00f5tete ja tingimustega tutvunud ning nendega n\u00f5ustunud.<br \/>\nJ\u00e4tame endale \u00f5iguse vajadusel \u00fcldp\u00f5him\u00f5tteid muuta, teavitades sellest k\u00f5iki seotud isikuid.<\/p>\n<p><strong>Vaidluste lahendamine<\/strong><br \/>\nIsikuandmete t\u00f6\u00f6lemisega seotud vaidluste lahendamine toimub klienditoe vahendusel (info@luigemoobel.ee).<br \/>\nJ\u00e4relevalveasutus on Eesti Andmekaitse Inspektsioon (info@aki.ee).[\/vc_column_text][\/vc_column][\/vc_row]<\/p>\n<\/div>","protected":false},"excerpt":{"rendered":"<p>[vc_row][vc_column][vc_column_text css=&#8221;&#8221; woodmart_inline=&#8221;no&#8221; text_larger=&#8221;no&#8221;]Antud Veebipoe isikuandmete vastutav t\u00f6\u00f6tleja on Entrega M\u00f6\u00f6bel O\u00dc (registrikood 12727492), J\u00e4rveotsa tee 11-12, Tallinn Harju maakond<\/p>\n","protected":false},"author":2,"featured_media":0,"parent":0,"menu_order":0,"comment_status":"closed","ping_status":"closed","template":"","meta":{"footnotes":""},"class_list":["post-1873817","page","type-page","status-publish","hentry"],"_links":{"self":[{"href":"https:\/\/dev.luigemoobel.ee\/en\/wp-json\/wp\/v2\/pages\/1873817","targetHints":{"allow":["GET"]}}],"collection":[{"href":"https:\/\/dev.luigemoobel.ee\/en\/wp-json\/wp\/v2\/pages"}],"about":[{"href":"https:\/\/dev.luigemoobel.ee\/en\/wp-json\/wp\/v2\/types\/page"}],"author":[{"embeddable":true,"href":"https:\/\/dev.luigemoobel.ee\/en\/wp-json\/wp\/v2\/users\/2"}],"replies":[{"embeddable":true,"href":"https:\/\/dev.luigemoobel.ee\/en\/wp-json\/wp\/v2\/comments?post=1873817"}],"version-history":[{"count":0,"href":"https:\/\/dev.luigemoobel.ee\/en\/wp-json\/wp\/v2\/pages\/1873817\/revisions"}],"wp:attachment":[{"href":"https:\/\/dev.luigemoobel.ee\/en\/wp-json\/wp\/v2\/media?parent=1873817"}],"curies":[{"name":"wp","href":"https:\/\/api.w.org\/{rel}","templated":true}]}}