{"id":1880127,"date":"2023-06-06T11:02:54","date_gmt":"2023-06-06T08:02:54","guid":{"rendered":"https:\/\/dev.luigemoobel.ee\/?page_id=1880127"},"modified":"2025-06-05T10:53:00","modified_gmt":"2025-06-05T07:53:00","slug":"showroom","status":"publish","type":"page","link":"https:\/\/dev.luigemoobel.ee\/en\/showroom\/","title":{"rendered":"Showroom"},"content":{"rendered":"<div class=\"wpb-content-wrapper\"><p>[vc_row css=&#8221;.vc_custom_1685544874773{margin-top: 60px !important;margin-bottom: 20px !important;}&#8221; woodmart_css_id=&#8221;64775fa4a23c6&#8243; responsive_spacing=&#8221;eyJwYXJhbV90eXBlIjoid29vZG1hcnRfcmVzcG9uc2l2ZV9zcGFjaW5nIiwic2VsZWN0b3JfaWQiOiI2NDc3NWZhNGEyM2M2Iiwic2hvcnRjb2RlIjoidmNfcm93IiwiZGF0YSI6eyJ0YWJsZXQiOnsibWFyZ2luLXRvcCI6IjIwcHgifSwibW9iaWxlIjp7Im1hcmdpbi10b3AiOiIwcHgiLCJtYXJnaW4tYm90dG9tIjoiMCJ9fX0=&#8221; mobile_bg_img_hidden=&#8221;no&#8221; tablet_bg_img_hidden=&#8221;no&#8221; woodmart_parallax=&#8221;0&#8243; woodmart_gradient_switch=&#8221;no&#8221; woodmart_box_shadow=&#8221;no&#8221; wd_z_index=&#8221;no&#8221; woodmart_disable_overflow=&#8221;0&#8243; row_reverse_mobile=&#8221;0&#8243; row_reverse_tablet=&#8221;0&#8243;][vc_column width=&#8221;7\/12&#8243; woodmart_css_id=&#8221;643405f0de2ad&#8221; parallax_scroll=&#8221;no&#8221; woodmart_sticky_column=&#8221;false&#8221; wd_collapsible_content_switcher=&#8221;no&#8221; wd_column_role_offcanvas_desktop=&#8221;no&#8221; wd_column_role_offcanvas_tablet=&#8221;no&#8221; wd_column_role_offcanvas_mobile=&#8221;no&#8221; wd_column_role_content_desktop=&#8221;no&#8221; wd_column_role_content_tablet=&#8221;no&#8221; wd_column_role_content_mobile=&#8221;no&#8221; mobile_bg_img_hidden=&#8221;no&#8221; tablet_bg_img_hidden=&#8221;no&#8221; woodmart_parallax=&#8221;0&#8243; woodmart_box_shadow=&#8221;no&#8221; responsive_spacing=&#8221;eyJwYXJhbV90eXBlIjoid29vZG1hcnRfcmVzcG9uc2l2ZV9zcGFjaW5nIiwic2VsZWN0b3JfaWQiOiI2NDM0MDVmMGRlMmFkIiwic2hvcnRjb2RlIjoidmNfY29sdW1uIiwiZGF0YSI6eyJ0YWJsZXQiOnt9LCJtb2JpbGUiOnt9fX0=&#8221; mobile_reset_margin=&#8221;no&#8221; tablet_reset_margin=&#8221;no&#8221; wd_z_index=&#8221;no&#8221;]\n\t\t<div id=\"wd-664358ce3842a\" class=\"title-wrapper wd-wpb wd-set-mb reset-last-child  wd-rs-664358ce3842a wd-title-color-default wd-title-style-default text-left  wd-underline-colored\">\n\t\t\t\n\t\t\t<div class=\"liner-continer\">\n\t\t\t\t<h4 class=\"woodmart-title-container title  wd-font-weight- wd-fontsize-xxxl\" >LuigeM\u00f6\u00f6bel Esinduspood<\/h4>\n\t\t\t\t\t\t\t<\/div>\n\t\t\t\n\t\t\t\n\t\t\t\n\t\t<\/div>\n\t\t\n\t\t\t\t<div id=\"wd-664358d71e5d5\" class=\"wd-text-block wd-wpb reset-last-child wd-rs-664358d71e5d5 text-left \">\n\t\t\t<p>Luige M\u00f6\u00f6bli Esinduspood kutsub teid tutvuma meie m\u00f6\u00f6blivalikuga otse kohapeal. Proovige ise voodite ja diivanite mehhanisme, uurige erinevaid kangan\u00e4idiseid, mis on saadaval teie tulevase m\u00f6\u00f6bli jaoks. Lisaks on meie poes v\u00f5imalik tutvuda laia valikuga vaipasid, mis erinevad disaini, suuruse ja tekstuuride poolest.<br \/>\nMeie kogenud konsultandid on alati valmis teid s\u00f5bralikult abistama m\u00f6\u00f6bli valimisel ja ostuprotsessis.<br \/>\nUksed on teile avatud iga p\u00e4ev ja ootame teid alati r\u00f5\u00f5muga!<\/p>\n\t\t<\/div>\n\t\t[\/vc_column][vc_column width=&#8221;5\/12&#8243; woodmart_css_id=&#8221;643800be4514c&#8221; parallax_scroll=&#8221;no&#8221; woodmart_sticky_column=&#8221;false&#8221; wd_collapsible_content_switcher=&#8221;no&#8221; wd_column_role_offcanvas_desktop=&#8221;no&#8221; wd_column_role_offcanvas_tablet=&#8221;no&#8221; wd_column_role_offcanvas_mobile=&#8221;no&#8221; wd_column_role_content_desktop=&#8221;no&#8221; wd_column_role_content_tablet=&#8221;no&#8221; wd_column_role_content_mobile=&#8221;no&#8221; mobile_bg_img_hidden=&#8221;no&#8221; tablet_bg_img_hidden=&#8221;no&#8221; woodmart_parallax=&#8221;0&#8243; woodmart_box_shadow=&#8221;no&#8221; responsive_spacing=&#8221;eyJwYXJhbV90eXBlIjoid29vZG1hcnRfcmVzcG9uc2l2ZV9zcGFjaW5nIiwic2VsZWN0b3JfaWQiOiI2NDM4MDBiZTQ1MTRjIiwic2hvcnRjb2RlIjoidmNfY29sdW1uIiwiZGF0YSI6eyJ0YWJsZXQiOnt9LCJtb2JpbGUiOnsibWFyZ2luLWJvdHRvbSI6IjMwIn19fQ==&#8221; mobile_reset_margin=&#8221;no&#8221; tablet_reset_margin=&#8221;no&#8221; wd_z_index=&#8221;no&#8221; offset=&#8221;vc_col-lg-offset-1 vc_col-lg-4&#8243;]\t\t<div id=\"wd-68414cd004e21\" class=\"wd-text-block wd-wpb reset-last-child wd-rs-68414cd004e21 text-left color-title font-primary vc_custom_1749109978141\">\n\t\t\t<p><strong>Luige M\u00f6\u00f6bel Esinduspood<\/strong><br \/>\n<strong>Luige Keskus, Viljandi mnt 168, 75404 Luige<\/strong><br \/>\n<strong>Oleme avatud<\/strong><br \/>\n<strong> E-R <\/strong> 11-20<br \/>\n<strong> L\u00a0<\/strong> 11-18<br \/>\n<strong> P\u00a0<\/strong> Suletud<\/p>\n<p><strong>KLIENDITEENINDUS<\/strong><br \/>\n<strong><i class=\"fa fa-envelope-o\" style=\"width: 15px; text-align: center; margin-right: 4px;\"><\/i>info@luigemoobel.ee<\/strong><br \/>\n<strong><i class=\"fa fa-mobile\" style=\"width: 15px; text-align: center; margin-right: 4px;\"><\/i>+372 5561 4446<\/strong><\/p>\n\t\t<\/div>\n\t\t<div id=\"wd-6641672267263\" class=\" wd-rs-6641672267263  wd-button-wrapper text-left\"><a href=\"https:\/\/www.google.com\/maps\/dir\/?api=1&#038;destination=Luige+keskus,+Luige,+75404+Harju+maakond&#038;travelmode=driving\" title=\"\" target=\"_blank\" class=\"btn btn-color-primary btn-style-default btn-shape-round btn-size-default\">Navigeeri (Google Maps)<\/a><\/div>[\/vc_column][\/vc_row][vc_row woodmart_stretch_content=&#8221;section-stretch-content&#8221; woodmart_css_id=&#8221;64775f231c2ea&#8221; responsive_spacing=&#8221;eyJwYXJhbV90eXBlIjoid29vZG1hcnRfcmVzcG9uc2l2ZV9zcGFjaW5nIiwic2VsZWN0b3JfaWQiOiI2NDc3NWYyMzFjMmVhIiwic2hvcnRjb2RlIjoidmNfcm93IiwiZGF0YSI6eyJ0YWJsZXQiOnsibWFyZ2luLWJvdHRvbSI6IjgwIn0sIm1vYmlsZSI6eyJtYXJnaW4tYm90dG9tIjoiNjAifX19&#8243; mobile_bg_img_hidden=&#8221;no&#8221; tablet_bg_img_hidden=&#8221;no&#8221; woodmart_parallax=&#8221;0&#8243; woodmart_gradient_switch=&#8221;no&#8221; woodmart_box_shadow=&#8221;no&#8221; wd_z_index=&#8221;no&#8221; woodmart_disable_overflow=&#8221;0&#8243; row_reverse_mobile=&#8221;0&#8243; row_reverse_tablet=&#8221;0&#8243; css=&#8221;.vc_custom_1685544746917{margin-bottom: 100px !important;}&#8221;][vc_column css=&#8221;.vc_custom_1681133763495{padding-top: 0px !important;}&#8221; woodmart_css_id=&#8221;643410c0e88ce&#8221; parallax_scroll=&#8221;no&#8221; woodmart_sticky_column=&#8221;false&#8221; wd_collapsible_content_switcher=&#8221;no&#8221; wd_column_role_offcanvas_desktop=&#8221;no&#8221; wd_column_role_offcanvas_tablet=&#8221;no&#8221; wd_column_role_offcanvas_mobile=&#8221;no&#8221; wd_column_role_content_desktop=&#8221;no&#8221; wd_column_role_content_tablet=&#8221;no&#8221; wd_column_role_content_mobile=&#8221;no&#8221; mobile_bg_img_hidden=&#8221;no&#8221; tablet_bg_img_hidden=&#8221;no&#8221; woodmart_parallax=&#8221;0&#8243; woodmart_box_shadow=&#8221;no&#8221; responsive_spacing=&#8221;eyJwYXJhbV90eXBlIjoid29vZG1hcnRfcmVzcG9uc2l2ZV9zcGFjaW5nIiwic2VsZWN0b3JfaWQiOiI2NDM0MTBjMGU4OGNlIiwic2hvcnRjb2RlIjoidmNfY29sdW1uIiwiZGF0YSI6eyJ0YWJsZXQiOnt9LCJtb2JpbGUiOnt9fX0=&#8221; mobile_reset_margin=&#8221;no&#8221; tablet_reset_margin=&#8221;no&#8221; wd_z_index=&#8221;no&#8221;]\t\t<div id=\"gallery_229\" class=\"wd-images-gallery wd-wpb wd-rs-64806d72f1b8d vc_custom_1686138259000 photoswipe-images wd-carousel-container wd-wpb wd-carousel-dis-mb wd-off-md wd-off-sm\" style=\"--wd-justify-content:center;--wd-align-items:center;\">\n\t\t\t\t\t\t\t<div class=\"wd-carousel-inner\">\n\t\t\t\n\t\t\t<div class=\" wd-carousel wd-grid\"data-scroll_per_page=\"yes\" style=\"--wd-col-lg:3;--wd-col-md:3;--wd-col-sm:1;--wd-gap-lg:20px;--wd-gap-sm:10px;\">\n\t\t\t\t\t\t\t\t\t<div class=\"wd-carousel-wrap\">\n\t\t\t\t\n\t\t\t\t\t\t\t\t\t\t\t\t\t\t\t<div class=\"wd-gallery-item wd-carousel-item\">\n\t\t\t\t\t\t\t\t\t\t\t\t\t\t<a href=\"https:\/\/dev.luigemoobel.ee\/wp-content\/uploads\/2023\/06\/wd-furniture-showroom-milano-1-opt.jpg\" data-elementor-open-lightbox=\"no\" data-index=\"1\" data-width=\"1320\" data-height=\"720\" \n\t\t\t\t\t\t\t\t\t\t\t\t\t\t\t\t\t\t\t\t>\n\t\t\t\t\t\t\t\t\n\t\t\t\t\t\t\t\t<img decoding=\"async\" width=\"1320\" height=\"720\" src=\"https:\/\/dev.luigemoobel.ee\/wp-content\/uploads\/2023\/06\/wd-furniture-showroom-milano-1-opt.jpg\" class=\"wd-gallery-image image-1\" alt=\"\" srcset=\"https:\/\/dev.luigemoobel.ee\/wp-content\/uploads\/2023\/06\/wd-furniture-showroom-milano-1-opt.jpg 1320w, https:\/\/dev.luigemoobel.ee\/wp-content\/uploads\/2023\/06\/wd-furniture-showroom-milano-1-opt-100x55.jpg 100w, https:\/\/dev.luigemoobel.ee\/wp-content\/uploads\/2023\/06\/wd-furniture-showroom-milano-1-opt-1200x655.jpg 1200w\" sizes=\"(max-width: 1320px) 100vw, 1320px\" \/>\n\t\t\t\t\t\t\t\t\t\t\t\t\t\t\t<\/a>\n\t\t\t\t\t\t\t\t\t\t\t\t<\/div>\n\t\t\t\t\t\t\t\t\t\t\t<div class=\"wd-gallery-item wd-carousel-item\">\n\t\t\t\t\t\t\t\t\t\t\t\t\t\t<a href=\"https:\/\/dev.luigemoobel.ee\/wp-content\/uploads\/2023\/06\/wd-furniture-showroom-milano-2-opt.jpg\" data-elementor-open-lightbox=\"no\" data-index=\"2\" data-width=\"1320\" data-height=\"720\" \n\t\t\t\t\t\t\t\t\t\t\t\t\t\t\t\t\t\t\t\t>\n\t\t\t\t\t\t\t\t\n\t\t\t\t\t\t\t\t<img decoding=\"async\" width=\"1320\" height=\"720\" src=\"https:\/\/dev.luigemoobel.ee\/wp-content\/uploads\/2023\/06\/wd-furniture-showroom-milano-2-opt.jpg\" class=\"wd-gallery-image image-2\" alt=\"\" srcset=\"https:\/\/dev.luigemoobel.ee\/wp-content\/uploads\/2023\/06\/wd-furniture-showroom-milano-2-opt.jpg 1320w, https:\/\/dev.luigemoobel.ee\/wp-content\/uploads\/2023\/06\/wd-furniture-showroom-milano-2-opt-100x55.jpg 100w, https:\/\/dev.luigemoobel.ee\/wp-content\/uploads\/2023\/06\/wd-furniture-showroom-milano-2-opt-1200x655.jpg 1200w\" sizes=\"(max-width: 1320px) 100vw, 1320px\" \/>\n\t\t\t\t\t\t\t\t\t\t\t\t\t\t\t<\/a>\n\t\t\t\t\t\t\t\t\t\t\t\t<\/div>\n\t\t\t\t\t\t\t\t\t\t\t<div class=\"wd-gallery-item wd-carousel-item\">\n\t\t\t\t\t\t\t\t\t\t\t\t\t\t<a href=\"https:\/\/dev.luigemoobel.ee\/wp-content\/uploads\/2023\/06\/wd-furniture-showroom-milano-3-opt.jpg\" data-elementor-open-lightbox=\"no\" data-index=\"3\" data-width=\"1320\" data-height=\"720\" \n\t\t\t\t\t\t\t\t\t\t\t\t\t\t\t\t\t\t\t\t>\n\t\t\t\t\t\t\t\t\n\t\t\t\t\t\t\t\t<img decoding=\"async\" width=\"1320\" height=\"720\" src=\"https:\/\/dev.luigemoobel.ee\/wp-content\/uploads\/2023\/06\/wd-furniture-showroom-milano-3-opt.jpg\" class=\"wd-gallery-image image-3\" alt=\"\" srcset=\"https:\/\/dev.luigemoobel.ee\/wp-content\/uploads\/2023\/06\/wd-furniture-showroom-milano-3-opt.jpg 1320w, https:\/\/dev.luigemoobel.ee\/wp-content\/uploads\/2023\/06\/wd-furniture-showroom-milano-3-opt-100x55.jpg 100w, https:\/\/dev.luigemoobel.ee\/wp-content\/uploads\/2023\/06\/wd-furniture-showroom-milano-3-opt-1200x655.jpg 1200w\" sizes=\"(max-width: 1320px) 100vw, 1320px\" \/>\n\t\t\t\t\t\t\t\t\t\t\t\t\t\t\t<\/a>\n\t\t\t\t\t\t\t\t\t\t\t\t<\/div>\n\t\t\t\t\t\t\t\t\t\t\t<div class=\"wd-gallery-item wd-carousel-item\">\n\t\t\t\t\t\t\t\t\t\t\t\t\t\t<a href=\"https:\/\/dev.luigemoobel.ee\/wp-content\/uploads\/2023\/06\/wd-furniture-showroom-milano-4-opt.jpg\" data-elementor-open-lightbox=\"no\" data-index=\"4\" data-width=\"1320\" data-height=\"720\" \n\t\t\t\t\t\t\t\t\t\t\t\t\t\t\t\t\t\t\t\t>\n\t\t\t\t\t\t\t\t\n\t\t\t\t\t\t\t\t<img decoding=\"async\" width=\"1320\" height=\"720\" src=\"https:\/\/dev.luigemoobel.ee\/wp-content\/uploads\/2023\/06\/wd-furniture-showroom-milano-4-opt.jpg\" class=\"wd-gallery-image image-4\" alt=\"\" srcset=\"https:\/\/dev.luigemoobel.ee\/wp-content\/uploads\/2023\/06\/wd-furniture-showroom-milano-4-opt.jpg 1320w, https:\/\/dev.luigemoobel.ee\/wp-content\/uploads\/2023\/06\/wd-furniture-showroom-milano-4-opt-100x55.jpg 100w, https:\/\/dev.luigemoobel.ee\/wp-content\/uploads\/2023\/06\/wd-furniture-showroom-milano-4-opt-1200x655.jpg 1200w\" sizes=\"(max-width: 1320px) 100vw, 1320px\" \/>\n\t\t\t\t\t\t\t\t\t\t\t\t\t\t\t<\/a>\n\t\t\t\t\t\t\t\t\t\t\t\t<\/div>\n\t\t\t\t\t\t\t\t\t\n\t\t\t\t\t\t\t\t\t<\/div>\n\t\t\t\t\t\t\t<\/div>\n\n\t\t\t\t\t\t\t\t\t\t\t\t\t\t<div class=\"wd-nav-arrows wd-pos-sep wd-hover-1 wd-icon-1\">\n\t\t\t<div class=\"wd-btn-arrow wd-prev wd-disabled\">\n\t\t\t\t<div class=\"wd-arrow-inner\"><\/div>\n\t\t\t<\/div>\n\t\t\t<div class=\"wd-btn-arrow wd-next\">\n\t\t\t\t<div class=\"wd-arrow-inner\"><\/div>\n\t\t\t<\/div>\n\t\t<\/div>\n\t\t\t\t\t\t\n\t\t\t\t<\/div>\n\n\t\t\t\t\t\t\t\t\t\t\t\t\t<\/div>\n\t\t[\/vc_column][\/vc_row]<\/p>\n<\/div>","protected":false},"excerpt":{"rendered":"<p>[vc_row css=&#8221;.vc_custom_1685544874773{margin-top: 60px !important;margin-bottom: 20px !important;}&#8221; woodmart_css_id=&#8221;64775fa4a23c6&#8243; responsive_spacing=&#8221;eyJwYXJhbV90eXBlIjoid29vZG1hcnRfcmVzcG9uc2l2ZV9zcGFjaW5nIiwic2VsZWN0b3JfaWQiOiI2NDc3NWZhNGEyM2M2Iiwic2hvcnRjb2RlIjoidmNfcm93IiwiZGF0YSI6eyJ0YWJsZXQiOnsibWFyZ2luLXRvcCI6IjIwcHgifSwibW9iaWxlIjp7Im1hcmdpbi10b3AiOiIwcHgiLCJtYXJnaW4tYm90dG9tIjoiMCJ9fX0=&#8221; mobile_bg_img_hidden=&#8221;no&#8221; tablet_bg_img_hidden=&#8221;no&#8221; woodmart_parallax=&#8221;0&#8243; woodmart_gradient_switch=&#8221;no&#8221; woodmart_box_shadow=&#8221;no&#8221; wd_z_index=&#8221;no&#8221; woodmart_disable_overflow=&#8221;0&#8243; row_reverse_mobile=&#8221;0&#8243; row_reverse_tablet=&#8221;0&#8243;][vc_column width=&#8221;7\/12&#8243; woodmart_css_id=&#8221;643405f0de2ad&#8221; parallax_scroll=&#8221;no&#8221;<\/p>\n","protected":false},"author":2,"featured_media":0,"parent":0,"menu_order":0,"comment_status":"closed","ping_status":"closed","template":"","meta":{"footnotes":""},"class_list":["post-1880127","page","type-page","status-publish","hentry"],"_links":{"self":[{"href":"https:\/\/dev.luigemoobel.ee\/en\/wp-json\/wp\/v2\/pages\/1880127","targetHints":{"allow":["GET"]}}],"collection":[{"href":"https:\/\/dev.luigemoobel.ee\/en\/wp-json\/wp\/v2\/pages"}],"about":[{"href":"https:\/\/dev.luigemoobel.ee\/en\/wp-json\/wp\/v2\/types\/page"}],"author":[{"embeddable":true,"href":"https:\/\/dev.luigemoobel.ee\/en\/wp-json\/wp\/v2\/users\/2"}],"replies":[{"embeddable":true,"href":"https:\/\/dev.luigemoobel.ee\/en\/wp-json\/wp\/v2\/comments?post=1880127"}],"version-history":[{"count":1,"href":"https:\/\/dev.luigemoobel.ee\/en\/wp-json\/wp\/v2\/pages\/1880127\/revisions"}],"predecessor-version":[{"id":2355729,"href":"https:\/\/dev.luigemoobel.ee\/en\/wp-json\/wp\/v2\/pages\/1880127\/revisions\/2355729"}],"wp:attachment":[{"href":"https:\/\/dev.luigemoobel.ee\/en\/wp-json\/wp\/v2\/media?parent=1880127"}],"curies":[{"name":"wp","href":"https:\/\/api.w.org\/{rel}","templated":true}]}}