{"id":1880129,"date":"2024-05-13T03:17:48","date_gmt":"2024-05-13T00:17:48","guid":{"rendered":"https:\/\/dev.luigemoobel.ee\/?page_id=1880129"},"modified":"2025-01-28T13:57:04","modified_gmt":"2025-01-28T11:57:04","slug":"jarelmaks","status":"publish","type":"page","link":"https:\/\/dev.luigemoobel.ee\/en\/jarelmaks\/","title":{"rendered":"J\u00e4relmaks"},"content":{"rendered":"<div class=\"wpb-content-wrapper\"><p>[vc_row][vc_column]\t\t<div id=\"wd-6641b5dcd701e\" class=\"wd-image wd-wpb wd-rs-6641b5dcd701e text-center \">\n\t\t\t\n\t\t\t<img decoding=\"async\" width=\"1000\" height=\"523\" src=\"https:\/\/dev.luigemoobel.ee\/wp-content\/uploads\/2024\/05\/esto-jarelmaks_banner.jpg\" class=\"attachment-large size-large\" alt=\"\" srcset=\"https:\/\/dev.luigemoobel.ee\/wp-content\/uploads\/2024\/05\/esto-jarelmaks_banner.jpg 1000w, https:\/\/dev.luigemoobel.ee\/wp-content\/uploads\/2024\/05\/esto-jarelmaks_banner-100x52.jpg 100w, https:\/\/dev.luigemoobel.ee\/wp-content\/uploads\/2024\/05\/esto-jarelmaks_banner-300x157.jpg 300w, https:\/\/dev.luigemoobel.ee\/wp-content\/uploads\/2024\/05\/esto-jarelmaks_banner-768x402.jpg 768w\" sizes=\"(max-width: 1000px) 100vw, 1000px\" \/>\n\t\t\t\t\t<\/div>\n\t\t\n\t\t<div id=\"wd-6641b0eecc028\" class=\"title-wrapper wd-wpb wd-set-mb reset-last-child  wd-rs-6641b0eecc028 wd-title-color-default wd-title-style-default text-center  wd-underline-colored\">\n\t\t\t\n\t\t\t<div class=\"liner-continer\">\n\t\t\t\t<h4 class=\"woodmart-title-container title  wd-font-weight- wd-fontsize-l\" >Ei soovi maksta kogu summat korraga? Maksa osamaksete kaupa!<\/h4>\n\t\t\t\t\t\t\t<\/div>\n\t\t\t\n\t\t\t\n\t\t\t\n\t\t<\/div>\n\t\t\n\t\t[vc_column_text css=&#8221;&#8221; woodmart_inline=&#8221;no&#8221; text_larger=&#8221;no&#8221;]<\/p>\n<p>ESTO j\u00e4relmaksu puhul on tegemist innovatiivse makselahendusega, mis aitab koostada sulle sinu poolt valitud perioodi alusel maksegraafiku. Makselahendus teeb otsuse reaalajas.<\/p>\n<p>Lisa sobivad tooted ostukorvi, kinnita oma tellimus ning vali makseviisidest ESTO j\u00e4relmaks. Ostu kinnitamisel vali endale sobiv periood, igakuise osamakse suurus ning digiallkirjasta ID-kaardi, Smart-ID v\u00f5i Mobiili-ID abil.<\/p>\n<ul>\n<li>ESTO j\u00e4relmaksu saavad taotleda k\u00f5ik 18-70-aastased Eesti Vabariigi kodanikud.<\/li>\n<li>ESTO j\u00e4relmaks on v\u00f5imalik vormistada kiirelt ja mugavalt ka juriidilisele isikule.<\/li>\n<li>ESTO j\u00e4relmaksu pakub ja haldab ESTO AS.<\/li>\n<\/ul>\n<p><strong>T\u00c4HELEPANU! <\/strong>Iga j\u00e4relmaks on finantskohustus. Enne j\u00e4relmaksulepingu s\u00f5lmimist tutvuge vastava teenuse tingimustega ning vajadusel konsulteerige asjatundjaga. <em>Iga finantsotsusega kaasnevad riskid ja kohustused, mist\u00f5ttu palume laenutoodete tarbimise vajadus hoolikalt l\u00e4bi m\u00f5elda. N\u00e4iteks 1290-eurose laenusumma puhul 24 kuuks fikseeritud intressiga 14.90% aastas ja lepingutasuga 0 eurot on krediidi kulukuse m\u00e4\u00e4r 31.62%, kuumakse suurus 70.67 eurot ning tarbija poolt tagasimakstav kogusumma 1696.08 eurot. J\u00e4relmaks on finantskohustus ning enne otsuse tegemist tutvuge p\u00f5hjalikult lepingutingimustega ja vajadusel pidage n\u00f5u ESTO AS t\u00f6\u00f6tajaga v\u00f5i muu asjatundjaga. J\u00e4relmaksu pakub ja haldab ESTO AS.<\/em><\/p>\n<p><strong>MIS ON ESTO? <\/strong>ESTO on finantsteenuseid pakkuv ettev\u00f5te, mille algusaeg ulatub aastasse 2016. Br\u00e4nd sai alguse vajadusest uue generatsiooni makselahenduste j\u00e4rele, mis oleksid sobilikud nii l\u00f5pptarbijale kui ka m\u00fc\u00fcjale. T\u00e4na pakub ESTO k\u00f5ige suuremat valikut erinevaid makselahendusi Baltikumis ning ESTO partnerv\u00f5rgustikku kuulub \u00fcle 2600 koost\u00f6\u00f6partneri ja kaupluse ning \u00fcle 300 000 kliendi.<\/p>\n<p>Tutvu tingimustega siin: <a href=\"http:\/\/www.esto.ee\/\">www.esto.ee<\/a><\/p>\n<p>Vajadusel kontakteeruge ESTO AS t\u00f6\u00f6tajaga &#8211; <a href=\"mailto:info@esto.ee\">info@esto.ee<\/a> v\u00f5i <a href=\"http:\/\/www.esto.ee\/\">www.esto.ee<\/a> LIVE chat-aknas.<\/p>\n<p>[\/vc_column_text]\n\t\t<div id=\"wd-6641b4cc90b81\" class=\"title-wrapper wd-wpb wd-set-mb reset-last-child  wd-rs-6641b4cc90b81 wd-title-color-default wd-title-style-default text-center  wd-underline-colored\">\n\t\t\t\n\t\t\t<div class=\"liner-continer\">\n\t\t\t\t<h4 class=\"woodmart-title-container title  wd-font-weight- wd-fontsize-l\" >Ole nutikas ja vali ostude eest tasumiseks ESTO maksa hiljem!<\/h4>\n\t\t\t\t\t\t\t<\/div>\n\t\t\t\n\t\t\t\n\t\t\t\n\t\t<\/div>\n\t\t\n\t\t\t\t<div id=\"wd-6641b5e2c2deb\" class=\"wd-image wd-wpb wd-rs-6641b5e2c2deb text-center \">\n\t\t\t\n\t\t\t<img decoding=\"async\" width=\"1024\" height=\"657\" src=\"https:\/\/dev.luigemoobel.ee\/wp-content\/uploads\/2024\/05\/maksa-hiljem-banner-1-1024x657.jpg\" class=\"attachment-large size-large\" alt=\"\" srcset=\"https:\/\/dev.luigemoobel.ee\/wp-content\/uploads\/2024\/05\/maksa-hiljem-banner-1-1024x657.jpg 1024w, https:\/\/dev.luigemoobel.ee\/wp-content\/uploads\/2024\/05\/maksa-hiljem-banner-1-100x64.jpg 100w, https:\/\/dev.luigemoobel.ee\/wp-content\/uploads\/2024\/05\/maksa-hiljem-banner-1-1200x769.jpg 1200w, https:\/\/dev.luigemoobel.ee\/wp-content\/uploads\/2024\/05\/maksa-hiljem-banner-1-300x192.jpg 300w, https:\/\/dev.luigemoobel.ee\/wp-content\/uploads\/2024\/05\/maksa-hiljem-banner-1-768x492.jpg 768w, https:\/\/dev.luigemoobel.ee\/wp-content\/uploads\/2024\/05\/maksa-hiljem-banner-1-1536x985.jpg 1536w, https:\/\/dev.luigemoobel.ee\/wp-content\/uploads\/2024\/05\/maksa-hiljem-banner-1.jpg 1920w\" sizes=\"(max-width: 1024px) 100vw, 1024px\" \/>\n\t\t\t\t\t<\/div>\n\t\t[vc_column_text css=&#8221;&#8221; woodmart_inline=&#8221;no&#8221; text_larger=&#8221;no&#8221;]Vali oma ostude eest tasumiseks ESTO maksa hiljem. Kinnita ost vaid paari klikiga, saa tellimus k\u00e4tte ning maksa tagasi ilma \u00fchegi lisakuluta 30 p\u00e4eva jooksul!<\/p>\n<p>Maksa hiljem on nutikate inimeste makseviis &#8211; saa kaup kohe k\u00e4tte ning maksa tagasi paindliku tagasimaksegraafiku alusel.<\/p>\n<p>Soeta paari klikiga just seda, mida vajad &#8211; puudub intress, lisatasu ja sissemakse![\/vc_column_text]\t\t<div id=\"wd-6641b5e994e39\" class=\"wd-image wd-wpb wd-rs-6641b5e994e39 text-center \">\n\t\t\t\n\t\t\t<img decoding=\"async\" width=\"1024\" height=\"204\" src=\"https:\/\/dev.luigemoobel.ee\/wp-content\/uploads\/2024\/05\/maksa-hiljem-banner-3-1024x204.jpg\" class=\"attachment-large size-large\" alt=\"\" srcset=\"https:\/\/dev.luigemoobel.ee\/wp-content\/uploads\/2024\/05\/maksa-hiljem-banner-3-1024x204.jpg 1024w, https:\/\/dev.luigemoobel.ee\/wp-content\/uploads\/2024\/05\/maksa-hiljem-banner-3-100x20.jpg 100w, https:\/\/dev.luigemoobel.ee\/wp-content\/uploads\/2024\/05\/maksa-hiljem-banner-3-1200x239.jpg 1200w, https:\/\/dev.luigemoobel.ee\/wp-content\/uploads\/2024\/05\/maksa-hiljem-banner-3-300x60.jpg 300w, https:\/\/dev.luigemoobel.ee\/wp-content\/uploads\/2024\/05\/maksa-hiljem-banner-3-768x153.jpg 768w, https:\/\/dev.luigemoobel.ee\/wp-content\/uploads\/2024\/05\/maksa-hiljem-banner-3-1536x306.jpg 1536w, https:\/\/dev.luigemoobel.ee\/wp-content\/uploads\/2024\/05\/maksa-hiljem-banner-3.jpg 1920w\" sizes=\"(max-width: 1024px) 100vw, 1024px\" \/>\n\t\t\t\t\t<\/div>\n\t\t\t\t<div id=\"wd-6641b5495dc61\" class=\"wd-text-block wd-wpb reset-last-child wd-rs-6641b5495dc61 text-left \">\n\t\t\t<p><strong>Maksa hiljem makseviisi pakub ja haldab ESTO AS. <\/strong><\/p>\n<p><strong>MIS ON ESTO? <\/strong>ESTO on finantsteenuseid pakkuv ettev\u00f5te, mille algusaeg ulatub aastasse 2016. Br\u00e4nd sai alguse vajadusest uue generatsiooni makselahenduste j\u00e4rele, mis oleksid sobilikud nii l\u00f5pptarbijale kui ka m\u00fc\u00fcjale. T\u00e4na pakub ESTO k\u00f5ige suuremat valikut erinevaid makselahendusi Baltikumis ning ESTO partnerv\u00f5rgustikku kuulub \u00fcle 2600 koost\u00f6\u00f6partneri ja kaupluse ning \u00fcle 300 000 kliendi. Tutvu tingimustega siin: <a href=\"http:\/\/www.esto.ee\/\">www.esto.ee<\/a><\/p>\n<p>Vajadusel kontakteeruge ESTO AS t\u00f6\u00f6tajaga &#8211; <a href=\"mailto:info@esto.ee\">info@esto.ee<\/a> v\u00f5i <a href=\"http:\/\/www.esto.ee\/\">www.esto.ee<\/a> LIVE chat-aknas.<\/p>\n\t\t<\/div>\n\t\t\t\t<div id=\"wd-6641b643e9305\" class=\"wd-image wd-wpb wd-rs-6641b643e9305 text-center \">\n\t\t\t\n\t\t\t<img decoding=\"async\" width=\"1000\" height=\"523\" src=\"https:\/\/dev.luigemoobel.ee\/wp-content\/uploads\/2024\/05\/esto3-banner.jpg\" class=\"attachment-large size-large\" alt=\"\" srcset=\"https:\/\/dev.luigemoobel.ee\/wp-content\/uploads\/2024\/05\/esto3-banner.jpg 1000w, https:\/\/dev.luigemoobel.ee\/wp-content\/uploads\/2024\/05\/esto3-banner-100x52.jpg 100w, https:\/\/dev.luigemoobel.ee\/wp-content\/uploads\/2024\/05\/esto3-banner-300x157.jpg 300w, https:\/\/dev.luigemoobel.ee\/wp-content\/uploads\/2024\/05\/esto3-banner-768x402.jpg 768w\" sizes=\"(max-width: 1000px) 100vw, 1000px\" \/>\n\t\t\t\t\t<\/div>\n\t\t\n\t\t<div id=\"wd-6641b66d0635b\" class=\"title-wrapper wd-wpb wd-set-mb reset-last-child  wd-rs-6641b66d0635b wd-title-color-default wd-title-style-default text-center  wd-underline-colored\">\n\t\t\t\n\t\t\t<div class=\"liner-continer\">\n\t\t\t\t<h4 class=\"woodmart-title-container title  wd-font-weight- wd-fontsize-l\" >ESTO 3 makseviis on innovatiivne lahendus, mis v\u00f5imaldab ostu kinnitada ja tasuda mugavalt ning kiirelt - kolmes v\u00f5rdses osas, ilma lisatasudeta!<\/h4>\n\t\t\t\t\t\t\t<\/div>\n\t\t\t\n\t\t\t\n\t\t\t\n\t\t<\/div>\n\t\t\n\t\t\t\t<div id=\"wd-6641b67ce0a05\" class=\"wd-text-block wd-wpb reset-last-child wd-rs-6641b67ce0a05 text-left \">\n\t\t\t<p>Vali e-poe kassas oma ostude eest tasumiseks \u00fclimalt populaarne ESTO 3-osaline makseviis!<\/p>\n<p>ESTO 3 aitab jagada ostusumma kuni 3-ks v\u00f5rdseks osaks.<\/p>\n<ul>\n<li>\u00dchtegi lisatasu ei lisandu.<\/li>\n<li>Lihtsalt kolm v\u00f5rdses osas makset, kolme kuu jooksul.<\/li>\n<li>Esimene makse on alles j\u00e4rgmise kuu 15. kuup\u00e4eval.<\/li>\n<\/ul>\n<p>ESTO 3 makseviisi pakub ja haldab ESTO AS.<\/p>\n<p><strong>MIS ON ESTO?<\/strong><\/p>\n<p>ESTO on finantsteenuseid pakkuv ettev\u00f5te, mille algusaeg ulatub aastasse 2016. Br\u00e4nd sai alguse vajadusest uue generatsiooni makselahenduste j\u00e4rele, mis oleksid sobilikud nii l\u00f5pptarbijale kui ka m\u00fc\u00fcjale. T\u00e4na pakub ESTO k\u00f5ige suuremat valikut erinevaid makselahendusi Baltikumis ning ESTO partnerv\u00f5rgustikku kuulub \u00fcle 2600 koost\u00f6\u00f6partneri ja kaupluse ning \u00fcle 300 000 kliendi.<\/p>\n<p>Tutvu tingimustega siin: <a href=\"http:\/\/www.esto.ee\/\">www.esto.ee<\/a><\/p>\n<p>Vajadusel kontakteeruge ESTO AS t\u00f6\u00f6tajaga &#8211; <a href=\"mailto:info@esto.ee\">info@esto.ee<\/a> v\u00f5i <a href=\"http:\/\/www.esto.ee\/\">www.esto.ee<\/a> LIVE chat-aknas.<\/p>\n\t\t<\/div>\n\t\t[vc_column_text css=&#8221;&#8221; woodmart_inline=&#8221;no&#8221; text_larger=&#8221;no&#8221;]<iframe src=\"https:\/\/www.holmbank.ee\/iframed\/maksa-e-poes-60-sekundiga\/\" width=\"100%\" height=\"300px\" frameborder=\"no\" scrolling=\"no\" align=\"center\" data-mce-fragment=\"1\"><\/iframe><\/p>\n<p><strong>Liisi j\u00e4relmaks<\/strong> \u00a0aitab Teid vajaliku kauba soetamisel. Saate ise valida sobiva sissemaksu suuruse ja lepinguperioodi. P\u00e4rast esimese sissemakse tasumist ning allkirjastatud lepingute tagastamist, antakse Teie tellimus t\u00f6\u00f6sse ja kaup tarnitakse vastavalt tarneajale.<\/p>\n<p>J\u00e4relmaksu v\u00f5ivad taotleda k\u00f5ik v\u00e4hemalt 18-aastased Eesti Vabariigi kodanikud v\u00f5i Eestis alalist elamisluba omavad inimesed.[\/vc_column_text][vc_row_inner][vc_column_inner width=&#8221;1\/2&#8243;][vc_column_text css=&#8221;&#8221; woodmart_inline=&#8221;no&#8221; text_larger=&#8221;no&#8221;]<br \/>\n<iframe src=\"https:\/\/www.holmbank.ee\/iframed\/arvuta-valja-igakuine-tagasimakse-lohistatav-kalkulaator\/\" width=\"100%\" height=\"520px\" frameborder=\"no\" scrolling=\"no\" align=\"center\" data-mce-fragment=\"1\"><\/iframe><br \/>\n[\/vc_column_text][\/vc_column_inner][vc_column_inner width=&#8221;1\/2&#8243;]\t\t<div id=\"wd-6642164b94456\" class=\"wd-text-block wd-wpb reset-last-child wd-rs-6642164b94456 text-left \">\n\t\t\t<p><strong>Liisi 3 kuud 0% kampaania<\/strong><\/p>\n<ul>\n<li>*intress 0% esimesed 3 kuud<\/li>\n<li>*lepingutasu 3% ostusummast<\/li>\n<li>*pikemate lepingute puhul lisandub alates 4 kuust tavaintress<\/li>\n<li>*maksimaalne lepingu periood 120 kuud<\/li>\n<li>*maksimaalne limiit limiit 25 tuh eurot<\/li>\n<\/ul>\n<p><strong>Liisi j\u00e4relmaks Tavatingimused:<\/strong><\/p>\n<ul>\n<li>*lepingutasu 9,90 eurot<\/li>\n<li>*intress 9,9%<\/li>\n<li>*maksimaalne lepingu periood 120 kuud<\/li>\n<li>*maksimaalne limiit 25 tuh eurot<\/li>\n<li>*sissemakse 0 eurot<\/li>\n<li>*puuduvad lisakulud<\/li>\n<\/ul>\n<p>T\u00c4HELEPANU! Iga j\u00e4relmaks on finantskohustus. Enne j\u00e4relmaksulepingu s\u00f5lmimist tutvuge vastava teenuse tingimustega ning vajadusel konsulteerige asjatundjaga.<\/p>\n<p><em>Teenusepakkujaks on <strong>Holm Bank AS<\/strong>. Iga laen on finantskohustus. Kaalu oma otsust hoolikalt. Tutvu laenulepingu tingimustega ja vajadusel pea n\u00f5u asjatundjaga. Krediidi kulukuse m\u00e4\u00e4r on 38,13% j\u00e4rgmistel n\u00e4idistingimustel: kauba\/teenuse maksumus 419\u20ac, lepingu periood 12 kuud, fikseeritud intressim\u00e4\u00e4r 14,9% laenusummalt aastas, krediidisumma 419\u20ac, maksete kogusumma 496,33\u20ac ja tagasimaksete summa 496,33\u20ac<\/em><\/p>\n<p><em>Rohkem infot: <a href=\"https:\/\/www.holmbank.ee\/et\/eraklient\">https:\/\/www.holmbank.ee\/et\/eraklient<\/a><\/em><\/p>\n\t\t<\/div>\n\t\t[\/vc_column_inner][\/vc_row_inner][\/vc_column][\/vc_row]<\/p>\n<\/div>","protected":false},"excerpt":{"rendered":"<p>[vc_row][vc_column][vc_column_text css=&#8221;&#8221; woodmart_inline=&#8221;no&#8221; text_larger=&#8221;no&#8221;] ESTO j\u00e4relmaksu puhul on tegemist innovatiivse makselahendusega, mis aitab koostada sulle sinu poolt valitud perioodi alusel<\/p>\n","protected":false},"author":2,"featured_media":0,"parent":0,"menu_order":0,"comment_status":"closed","ping_status":"closed","template":"","meta":{"footnotes":""},"class_list":["post-1880129","page","type-page","status-publish","hentry"],"_links":{"self":[{"href":"https:\/\/dev.luigemoobel.ee\/en\/wp-json\/wp\/v2\/pages\/1880129","targetHints":{"allow":["GET"]}}],"collection":[{"href":"https:\/\/dev.luigemoobel.ee\/en\/wp-json\/wp\/v2\/pages"}],"about":[{"href":"https:\/\/dev.luigemoobel.ee\/en\/wp-json\/wp\/v2\/types\/page"}],"author":[{"embeddable":true,"href":"https:\/\/dev.luigemoobel.ee\/en\/wp-json\/wp\/v2\/users\/2"}],"replies":[{"embeddable":true,"href":"https:\/\/dev.luigemoobel.ee\/en\/wp-json\/wp\/v2\/comments?post=1880129"}],"version-history":[{"count":0,"href":"https:\/\/dev.luigemoobel.ee\/en\/wp-json\/wp\/v2\/pages\/1880129\/revisions"}],"wp:attachment":[{"href":"https:\/\/dev.luigemoobel.ee\/en\/wp-json\/wp\/v2\/media?parent=1880129"}],"curies":[{"name":"wp","href":"https:\/\/api.w.org\/{rel}","templated":true}]}}