{"id":1880145,"date":"2024-05-13T03:09:53","date_gmt":"2024-05-13T00:09:53","guid":{"rendered":"https:\/\/dev.luigemoobel.ee\/?page_id=1880145"},"modified":"2025-01-28T14:15:00","modified_gmt":"2025-01-28T12:15:00","slug":"tagastamine","status":"publish","type":"page","link":"https:\/\/dev.luigemoobel.ee\/en\/tagastamine\/","title":{"rendered":"Tagastamine"},"content":{"rendered":"<div class=\"wpb-content-wrapper\"><p>[vc_row][vc_column]\n\t\t<div id=\"wd-6641bb99c9485\" class=\"title-wrapper wd-wpb wd-set-mb reset-last-child  wd-rs-6641bb99c9485 wd-title-color-default wd-title-style-default text-left  wd-underline-colored\">\n\t\t\t\n\t\t\t<div class=\"liner-continer\">\n\t\t\t\t<h4 class=\"woodmart-title-container title  wd-font-weight- wd-fontsize-l\" >TAGASTAMIS\u00d5IGUS<\/h4>\n\t\t\t\t\t\t\t<\/div>\n\t\t\t\n\t\t\t\n\t\t\t\n\t\t<\/div>\n\t\t\n\t\t[vc_column_text css=&#8221;&#8221; woodmart_inline=&#8221;no&#8221; text_larger=&#8221;no&#8221;]<\/p>\n<ol>\n<li>P\u00e4rast tellimuse k\u00e4ttesaamist on <strong>Tarbijal<\/strong> \u00f5igus e-poes s\u00f5lmitud lepingust taganeda p\u00f5hjust avaldamata 14 p\u00e4eva jooksul.<\/li>\n<li>Tagastamisele kuuluva eseme seisukorra halvenemisel vastutab <strong>Tarbija<\/strong> asja kasutamisest tingitud v\u00e4\u00e4rtuse v\u00e4henemise eest \u00fcksnes juhul, kui ta on eset kasutanud muul viisil, kui on vaja asja olemuses, omadustes ja toimimises veendumiseks. Et veenduda eseme olemuses, omadustes ja toimimises, peaks <strong>Tarbija<\/strong> k\u00e4sitsema ja kasutama asja \u00fcksnes nii, nagu tal lubataks seda tavap\u00e4raselt poes teha.<\/li>\n<li>Kauba tagastamiseks tuleb esitada <a href=\"https:\/\/dev.luigemoobel.ee\/wp-content\/uploads\/2024\/05\/pretensiooni-vorm.docx\"><strong>Kauba ostust taganemise avaldus<\/strong><\/a> ning saata see aadressile <a href=\"mailto:epood@luigemoobel.ee\"><strong>epood@luigemoobel.ee<\/strong><\/a> hiljemalt 14 p\u00e4eva jooksul kauba k\u00e4ttesaamisest.<\/li>\n<li><strong>Tarbija<\/strong> peab kauba tagastama avalduse esitamisele j\u00e4rgneva 14 p\u00e4eva jooksul v\u00f5i esitama t\u00f5endi, et ta on eelnimetatud perioodi jooksul kauba \u00fcle andnud logistikafirmale..<\/li>\n<li>Veebipood <strong>luigemoobel.ee<\/strong> tagastab taganemisavalduse k\u00e4ttesaamisel tarbijale viivitamata, kuid mitte hiljem kui 14 p\u00e4eva m\u00f6\u00f6dumisel, k\u00f5ik tarbijalt lepingu alusel saadud tasud, muu hulgas <strong>Tarbija<\/strong> kasutatud eseme k\u00e4ttetoimetamise kulud, v.a juhul, kui tarbija on s\u00f5naselgelt valinud ettev\u00f5tja pakutud k\u00f5ige odavamast eseme k\u00e4ttetoimetamise viisist erineva k\u00e4ttetoimetamise viisi, ei pea Veebipood <strong>Tarbijale<\/strong> tagastama kulu, mis \u00fcletab tavap\u00e4rase k\u00e4ttetoimetamise viisiga seotud kulu.<\/li>\n<li>Tagastamisega seotud kulud (n\u00e4iteks postikulud) maksab kinni <strong>Tarbija<\/strong>. <strong>Tarbija<\/strong> v\u00f5ib kasutada lepingust taganemise \u00f5igust kui kaup on kasutamata ja rikkumata. Soovitame kliendil k\u00f5ik kaubad, mida ta soovib tagastada, saata tagasi v\u00f5i kohale toimetada \u00fche korraga ja originaal-transpordipakendis.<\/li>\n<li>Tagastatav kaup peab olema kasutamata ja rikkumata ning originaalpakendis. <strong>Tarbijal<\/strong> on \u00f5igus kaubaga tutvuda viisil, nagu see on lubatud tavap\u00e4raselt poes ning <strong>Tarbija<\/strong> vastutab kaubaga tutvumisel kauba v\u00e4\u00e4rtuse v\u00e4henemise eest, kui ta on kaupa kasutanud eeltoodust muul viisil. 14-p\u00e4evane taganemis\u00f5igus ei kehti kaupadele, kui tellitud kaup on valmistatud <strong>Tarbija<\/strong> isiklikke vajadusi arvestades. Samuti ei kehti 14-p\u00e4evane taganemis\u00f5igus kaupadele, mis ei oleks peale pakendi avamist k\u00f5lblikud tagasisaatmiseks tervisekaitse v\u00f5i h\u00fcgieenilistel p\u00f5hjustel (nt madratsid, tekid ja padjad). Lisaks ei kuulu tagastamisele kinkekaardid.<\/li>\n<\/ol>\n<p>[\/vc_column_text][\/vc_column][\/vc_row]<\/p>\n<\/div>","protected":false},"excerpt":{"rendered":"<p>[vc_row][vc_column][vc_column_text css=&#8221;&#8221; woodmart_inline=&#8221;no&#8221; text_larger=&#8221;no&#8221;] P\u00e4rast tellimuse k\u00e4ttesaamist on Tarbijal \u00f5igus e-poes s\u00f5lmitud lepingust taganeda p\u00f5hjust avaldamata 14 p\u00e4eva jooksul. Tagastamisele<\/p>\n","protected":false},"author":2,"featured_media":0,"parent":0,"menu_order":0,"comment_status":"closed","ping_status":"closed","template":"","meta":{"footnotes":""},"class_list":["post-1880145","page","type-page","status-publish","hentry"],"_links":{"self":[{"href":"https:\/\/dev.luigemoobel.ee\/en\/wp-json\/wp\/v2\/pages\/1880145","targetHints":{"allow":["GET"]}}],"collection":[{"href":"https:\/\/dev.luigemoobel.ee\/en\/wp-json\/wp\/v2\/pages"}],"about":[{"href":"https:\/\/dev.luigemoobel.ee\/en\/wp-json\/wp\/v2\/types\/page"}],"author":[{"embeddable":true,"href":"https:\/\/dev.luigemoobel.ee\/en\/wp-json\/wp\/v2\/users\/2"}],"replies":[{"embeddable":true,"href":"https:\/\/dev.luigemoobel.ee\/en\/wp-json\/wp\/v2\/comments?post=1880145"}],"version-history":[{"count":0,"href":"https:\/\/dev.luigemoobel.ee\/en\/wp-json\/wp\/v2\/pages\/1880145\/revisions"}],"wp:attachment":[{"href":"https:\/\/dev.luigemoobel.ee\/en\/wp-json\/wp\/v2\/media?parent=1880145"}],"curies":[{"name":"wp","href":"https:\/\/api.w.org\/{rel}","templated":true}]}}