{"id":1866054,"date":"2024-12-18T17:50:15","date_gmt":"2024-12-18T15:50:15","guid":{"rendered":"https:\/\/dev.luigemoobel.ee\/product\/desk-bisett\/"},"modified":"2025-09-11T13:04:04","modified_gmt":"2025-09-11T10:04:04","slug":"desk-bisett","status":"publish","type":"product","link":"https:\/\/dev.luigemoobel.ee\/en\/product\/desk-bisett\/","title":{"rendered":"Desk Bisett"},"content":{"rendered":"<p>Biurko Bisett to praktyczne i eleganckie rozwi\u0105zanie do Twojej przestrzeni biurowej. Wymiary 120\/140x60x75 centymetr\u00f3w pozwalaj\u0105 na komfortow\u0105 prac\u0119, a cztery szuflady zapewniaj\u0105 porz\u0105dek i \u0142atwy dost\u0119p do niezb\u0119dnych przedmiot\u00f3w. Solidne wykonanie z wysokiej jako\u015bci materia\u0142\u00f3w oraz r\u00f3\u017cnorodno\u015b\u0107 kolorystyczna sprawiaj\u0105, \u017ce biurko Bissett doskonale wpisuje si\u0119 w r\u00f3\u017cne style wn\u0119trzarskie.<\/p>\n","protected":false},"excerpt":{"rendered":"<p>Biurko Bisett to praktyczne i eleganckie rozwi\u0105zanie do Twojej przestrzeni biurowej. Wymiary 120\/140x60x75 centymetr\u00f3w pozwalaj\u0105 na komfortow\u0105 prac\u0119, a cztery<\/p>\n","protected":false},"featured_media":0,"template":"","meta":[],"product_brand":[],"product_cat":[1567,1519,1563],"product_tag":[],"class_list":{"0":"post-1866054","1":"product","2":"type-product","3":"status-publish","4":"has-post-thumbnail","6":"product_cat-computer-desks","7":"product_cat-furniture","8":"product_cat-tables","9":"product_shipping_class-furniture-en","11":"first","12":"instock","13":"sale","14":"taxable","15":"shipping-taxable","16":"purchasable","17":"product-type-variable","18":"has-default-attributes"},"_links":{"self":[{"href":"https:\/\/dev.luigemoobel.ee\/en\/wp-json\/wp\/v2\/product\/1866054","targetHints":{"allow":["GET"]}}],"collection":[{"href":"https:\/\/dev.luigemoobel.ee\/en\/wp-json\/wp\/v2\/product"}],"about":[{"href":"https:\/\/dev.luigemoobel.ee\/en\/wp-json\/wp\/v2\/types\/product"}],"wp:attachment":[{"href":"https:\/\/dev.luigemoobel.ee\/en\/wp-json\/wp\/v2\/media?parent=1866054"}],"wp:term":[{"taxonomy":"product_brand","embeddable":true,"href":"https:\/\/dev.luigemoobel.ee\/en\/wp-json\/wp\/v2\/product_brand?post=1866054"},{"taxonomy":"product_cat","embeddable":true,"href":"https:\/\/dev.luigemoobel.ee\/en\/wp-json\/wp\/v2\/product_cat?post=1866054"},{"taxonomy":"product_tag","embeddable":true,"href":"https:\/\/dev.luigemoobel.ee\/en\/wp-json\/wp\/v2\/product_tag?post=1866054"}],"curies":[{"name":"wp","href":"https:\/\/api.w.org\/{rel}","templated":true}]}}