{"id":2666508,"date":"2025-07-28T18:48:02","date_gmt":"2025-07-28T15:48:02","guid":{"rendered":"https:\/\/dev.luigemoobel.ee\/product\/pune-basket-o35-nature-60003-100\/"},"modified":"2025-09-09T23:53:16","modified_gmt":"2025-09-09T20:53:16","slug":"pune-basket-o35-nature-60003-100","status":"publish","type":"product","link":"https:\/\/dev.luigemoobel.ee\/en\/product\/pune-basket-o35-nature-60003-100\/","title":{"rendered":"Pune Basket \u00f835 &#8211; Nature (60003-100)"},"content":{"rendered":"<p>Elevate your home d\u00e9cor with the Pune Basket \u00f835 &#8211; Nature, an exquisite piece from our indoor decoration range. This finely braided storage basket crafted from 100% natural jute adds both style and functionality to any room. Its chic design features a diameter of 35 cm, making it a perfect accessory for organizing your space. The basket\u2019s two practical handles allow easy movement, while its versatility shines through as it can serve as a storage solution for blankets, towels, or even as a decorative pot for your favorite plant. Please note, this basket is not waterproof, so it&#8217;s recommended to use a moisture-safe inner pot for plants. Whether adding a touch of texture to your living room or organizing essentials in the bedroom, the Pune Basket is your go-to solution for elegant and practical interior decoration.<\/p>\n<p>**Technical Attributes:**<br \/>\n&#8211; **Material:** 100% Jute<br \/>\n&#8211; **Color:** Nature<br \/>\n&#8211; **Diameter:** 35 cm<br \/>\n&#8211; **Gross Weight:** 2 kg<br \/>\n&#8211; **Package Dimensions:**<br \/>\n  &#8211; Height: 7 cm<br \/>\n  &#8211; Length: 54 cm<br \/>\n  &#8211; Width: 54 cm<br \/>\n&#8211; **Finishing\/Coating:** None<br \/>\n&#8211; **Number of Packages:** 1<\/p>\n<p>Transform your space with the natural elegance of the Pune Basket and experience the perfect blend of style and practicality.<\/p>\n","protected":false},"excerpt":{"rendered":"<p>Decorate your home practically and modern with a nice basket from the Pune series! This nice storage basket in braided jute has a high stylish model and two practical handles. Use as storage for blankets and towels or as a pot for a nice plant. However, the baskets are not waterproof so place the plants in a moisture -safe inner pot first. A nice interior decoration and smart storage at the same time!<\/p>\n","protected":false},"featured_media":0,"template":"","meta":[],"product_brand":[],"product_cat":[1436,1433],"product_tag":[],"class_list":{"0":"post-2666508","1":"product","2":"type-product","3":"status-publish","4":"has-post-thumbnail","6":"product_cat-boxes-and-baskets","7":"product_cat-storage-and-organization","9":"first","10":"instock","11":"taxable","12":"shipping-taxable","13":"purchasable","14":"product-type-simple"},"_links":{"self":[{"href":"https:\/\/dev.luigemoobel.ee\/en\/wp-json\/wp\/v2\/product\/2666508","targetHints":{"allow":["GET"]}}],"collection":[{"href":"https:\/\/dev.luigemoobel.ee\/en\/wp-json\/wp\/v2\/product"}],"about":[{"href":"https:\/\/dev.luigemoobel.ee\/en\/wp-json\/wp\/v2\/types\/product"}],"wp:attachment":[{"href":"https:\/\/dev.luigemoobel.ee\/en\/wp-json\/wp\/v2\/media?parent=2666508"}],"wp:term":[{"taxonomy":"product_brand","embeddable":true,"href":"https:\/\/dev.luigemoobel.ee\/en\/wp-json\/wp\/v2\/product_brand?post=2666508"},{"taxonomy":"product_cat","embeddable":true,"href":"https:\/\/dev.luigemoobel.ee\/en\/wp-json\/wp\/v2\/product_cat?post=2666508"},{"taxonomy":"product_tag","embeddable":true,"href":"https:\/\/dev.luigemoobel.ee\/en\/wp-json\/wp\/v2\/product_tag?post=2666508"}],"curies":[{"name":"wp","href":"https:\/\/api.w.org\/{rel}","templated":true}]}}