{"id":1521330,"date":"2024-05-13T03:17:22","date_gmt":"2024-05-13T00:17:22","guid":{"rendered":"https:\/\/dev.luigemoobel.ee\/?page_id=1521330"},"modified":"2025-01-17T00:16:38","modified_gmt":"2025-01-16T22:16:38","slug":"usloviya-zakaza","status":"publish","type":"page","link":"https:\/\/dev.luigemoobel.ee\/ru\/usloviya-zakaza\/","title":{"rendered":"\u0423\u0441\u043b\u043e\u0432\u0438\u044f \u0437\u0430\u043a\u0430\u0437\u0430"},"content":{"rendered":"<h1>M\u00fc\u00fcgitingimused<\/h1>\n<ol style=\"font-weight: 400;\">\n<li><strong>M\u00dc\u00dcGITINGIMUSTE KEHTIVU<\/strong>\n<ol>\n<li>M\u00fc\u00fcgi tingimused kehtivad luigemoobel.ee veebipoest ostja (edaspidi\u00a0<strong>Tarbija<\/strong>) ja ettev\u00f5tja\u00a0<strong>Entrega M\u00f6\u00f6bel O\u00dc\u00a0<\/strong>(edaspidi veebipood\u00a0<strong>luigemoobel.ee<\/strong>) vahel kaupade ja teenuste ostmisel.<\/li>\n<li>\u00a0Lisaks k\u00e4esolevatele tingimustele reguleerivad\u00a0<strong>luigemoobel.ee\u00a0<\/strong>veebipoest toodete ostmisel tekkivaid \u00f5igussuhteid Eesti Vabariigis kehtivad v\u00f5la\u00f5igusseadus (edaspidi V\u00d5S), tarbijakaitseseadus (edaspidi TKS) ning teised \u00f5igusaktid.<\/li>\n<li>Veebipood\u00a0<strong>luigemoobel.ee<\/strong>\u00a0j\u00e4tab endale \u00f5iguse teha m\u00fc\u00fcgitingimustes muudatusi. Nimetatud muudatusi kajastatakse veebilehel\u00a0<strong>luigemoobel.ee<\/strong>.<\/li>\n<\/ol>\n<\/li>\n<li><strong>HINNATEAVE<\/strong>\n<ol>\n<li><strong>Entrega M\u00f6\u00f6bel O\u00dc<\/strong>\u00a0on maksja k\u00e4ibemaksuta k\u00f5ik hinnad sisaldavad k\u00e4ibemaksu.<\/li>\n<li>Ostuhinnale listatakse kohaletoimetamishind Tarbija valitud kohaletoimetamise viisi kohaselt.<\/li>\n<li>Hinnad kehtivad tellimuse vormistamisest kuni vormistatud tellimuse makset\u00e4htaja aegumiseni (3 p\u00e4eva p\u00e4rast tellimuse vormistamist).<\/li>\n<li>Kui tellimus on esitatud enne m\u00fc\u00fcgitingimuste v\u00f5i hindade muutmist, kohaldatakse Tarbija ja\u00a0<strong>luigemoobel.ee<\/strong>\u00a0vahel tekkinud \u00f5igussuhetele tellimuse vormistamise ajal kehtinud tingimusi.<\/li>\n<li>Veebipood\u00a0<strong>luigemoobel.ee<\/strong>\u00a0j\u00e4tab endale \u00f5iguse teha m\u00fc\u00fcgihindades muudatusi. Nimetatud muudatusi kajastatakse veebilehel\u00a0<strong>luigemoobel.ee<\/strong><\/li>\n<li><strong>Maksev\u00f5imalused:<\/strong>\n<ol>\n<li>K\u00f5ik M\u00fc\u00fcja e-poes m\u00fc\u00fcdavate kaupade hinnad on n\u00e4idatud eurodes ning sisaldavad k\u00e4ibemaksu.<\/li>\n<li>\u00a0Kauba eest saab tasuda M\u00fc\u00fcja e-poe veebikeskkonnas n\u00e4idatud viisidel:\n<ol>\n<li>internetipanga kaudu<\/li>\n<li>j\u00e4relmaksuga<\/li>\n<li>krediitkaardiga<\/li>\n<li>\u00dclekandega tasudes peab olema selgitusse m\u00e4rgitud \u00fclekande aluseks oleva arve number<\/li>\n<\/ol>\n<\/li>\n<\/ol>\n<\/li>\n<\/ol>\n<\/li>\n<li><strong>TELLIMUSE VORMISTAMINE<\/strong>\n<ol>\n<li>Valige sobivat toode<\/li>\n<li>Lisage soovitud tooted ostukorvi.<\/li>\n<li>Tellimuse vormistamiseks vajutage k\u00f5igepealt ostukorvis lingile \u201eVormista tellimus\u02ee.<\/li>\n<li>Tellimuse vormistamise lehel t\u00e4itke n\u00f5utud andmev\u00e4ljad, valige teile sobiv toodete kohaletoimetamise viis ja vajutage lingile \u201eOSTA\u02ee. Tellimuise kinnitusel kuvatakse ekraanile arve, mille saate tasuda mugavalt pangalingi kaudu (Swedbank, SEB, Sampo, Nordea vm), J\u00e4relmaksuga (ESTO , Liisi Liising) v\u00f5i panga \u00fclekandega. Andmed \u00fclekande sooritamiseks leiate ekraanile kuvatud arvelt. Sisseriikliku panga \u00fclekande sooritamisel tuleb kindlasti makse seletuse lahtris m\u00e4rkida tellimuse numbrit. Samuti saadame arve Teie elektroonilise posti aadressile juhul, kui soovite tasuda tellimuse eest hiljem. Veebipoe omanik on isikuandmete vastutav t\u00f6\u00f6tleja ning edastab maksete teostamiseks vajalikud isikuandmed volitatud t\u00f6\u00f6tleja ESTO AS-le.<\/li>\n<li>T\u00e4itke andmete ja tellimuse kinnituse lehek\u00fcljel olevad lahtrid t\u00e4helepanelikult, sest esitatud informatsiooni t\u00e4psusest ja \u00f5igsusest s\u00f5ltub Teie ostetud toodete kiire ja t\u00f5rgeteta kohaletoimetamine ning hilisem vaidluste ja pretensioonide lahendamine.<\/li>\n<li>Veebipoes sooritatud tellimusi k\u00e4sitletakse t\u00f6\u00f6p\u00e4evadel (E\u2212R 8.00\u221217.00). Kui tellimus esitatakse reedel p\u00e4rast kella 14, vormistatakse tellimus j\u00e4rgneval esmasp\u00e4eval. See tingimus kehtib ka \u201eTulen toote j\u00e4rele ise\u201c toimetamise viisi valimise juhul. Enne toote j\u00e4rele tulekut palume kindlast helistada tel. +372 5561 4446<\/li>\n<li>M\u00fc\u00fcjal on \u00f5igus e-poe vahendusel s\u00f5lmitud lepingust sanktsioonideta taganeda ning tellitud kaup j\u00e4tta \u00fcle andmata v\u00f5i teenus osutamata, kui kaup on laost otsa saanud, kui kauba hinda v\u00f5i omadusi on e-poes kuvatud valesti s\u00fcsteemivea t\u00f5ttu. Kui e-poel ei ole v\u00f5imalik tellimust t\u00e4ita, v\u00f5etakse Tarbijaga \u00fchendust ning tagastatakse tasutud summa.<\/li>\n<\/ol>\n<\/li>\n<li><strong>M\u00dc\u00dcGILEPINGU J\u00d5USTUMINE<\/strong>\n<ol>\n<li>Kauba m\u00fc\u00fcgilepinguga kohustub veebipood\u00a0<strong>luigemoobel.ee<\/strong>\u00a0andma\u00a0<strong>Tarbijale<\/strong>\u00a0\u00fcle olemasoleva, valmistatava v\u00f5i veebipood\u00a0<strong>luigemoobel.ee<\/strong>\u00a0poolt tulevikus omandatava kauba ning tegema v\u00f5imalikuks omandi \u00fclemineku\u00a0<strong>Tarbijale<\/strong>. Tarbija aga kohustub veebipood\u00a0<strong>luigemoobel.ee-le<\/strong>\u00a0tasuma kauba eest esitatud arvel n\u00e4idatud summa ja v\u00f5tma kauba vastu.<\/li>\n<li>Tellimused, mille eest ei ole tasutud, annulleeritakse 3 p\u00e4eva m\u00f6\u00f6dudes alates tellimuse vormistamisest.<\/li>\n<li>M\u00fc\u00fcgileping j\u00f5ustub p\u00e4rast\u00a0<strong>Tarbija<\/strong>tehtud makse laekumist Veebipoe pangakontole.<\/li>\n<\/ol>\n<\/li>\n<li><strong>KAUBA K\u00c4TTESAAMINE<\/strong>\n<ol>\n<li>Kliendil on v\u00f5imalik valida erinevate kauba kohaletoimetamise viiside vahel. Kauba kohalej\u00f5udmine s\u00f5ltub Kliendi poolt valitud transpordiliigist<\/li>\n<li>Kauba k\u00e4ttesaamisel kohustub\u00a0<strong>Tarbija\u00a0<\/strong>avama tootepakendi ettevaatlikult, pakendit ja tooteid kahjustamata. Juhul kui\u00a0<strong>Tarbija<\/strong>\u00a0on rikkunud pakendi hooletuse t\u00f5ttu ehk tootepakendit oli v\u00f5imalik avada seda kahjustamata, on M\u00fc\u00fcjal \u00f5igus kaupade tagastamisel n\u00f5uda tootepakendi v\u00e4\u00e4rtuse v\u00e4henemise h\u00fcvitamist. Juhul, kui tootepakendit ei saa rikkumata\/ l\u00f5hkumata avada, ei vastuta\u00a0<strong>Tarbija<\/strong>rikutud pakendi eest<\/li>\n<\/ol>\n<\/li>\n<\/ol>\n<ol style=\"font-weight: 400;\">\n<li><strong>KOHALETOIMETAMINE<\/strong><\/li>\n<\/ol>\n<ol style=\"font-weight: 400;\">\n<li style=\"list-style-type: none;\">\n<ol>\n<li>P\u00e4rast m\u00fc\u00fcgilepingu j\u00f5ustumist komplekteerib veebipood <strong>luigemoobel.ee<\/strong>\u00a0tellimuse ning annab selle kohaletoimetamiseks \u00fcle ettev\u00f5tte logistikapartneritele. Kaup tuuakse tellimuses sisestatud tarneaadressile kokkulepitud ajal vastavalt kauba saadavusele. Kaup antakse \u00fcle vaid kauba\u00a0<strong>Tarbijale.<\/strong>\u00a0Kolmandale isikule antakse kaup \u00fcle vaid kokkuleppel\u00a0<strong>Tarbijaga<\/strong>. Kaup tarnitakse \u00fcldjuhul\u00a0<strong>Tarbijale<\/strong>\u00a01-3 t\u00f6\u00f6p\u00e4eva jooksul peale tellimuse eest tasu laekumist M\u00fc\u00fcja arvele. Eeltellimuste ja eritellimuste puhul on m\u00e4rgitud arvel toote saabumise t\u00e4htaeg.<\/li>\n<li>E-poe veebilehel n\u00e4idatud kohaletoimetamise t\u00e4htajad kehtivad tellimuse summa laekumise hetkest Veebipoe pangakontole.<\/li>\n<li>Viivitusteta kohaletoimetamiseks tuleb olla hoolas ning tellimuse vormistamisel esitada kohaletoimetamise andmete sisestamisel t\u00f5ele vastavad ning kehtivad andmed.<\/li>\n<li>Veebipood <strong>luigemoobel.ee<\/strong>\u00a0ei vastuta kauba kohaletoimetamise viivituse eest juhul, kui kaup on logistikapartneritele \u00fcle antud \u00f5igel ajal, kuid kohaletoimetamise viivitus on tingitud asjaoludest, mida veebipood\u00a0<strong>luigemoobel.ee<\/strong>\u00a0ei saanud m\u00f5jutada ega ette n\u00e4ha.<\/li>\n<li>Juhul kui tellitud kaupa polnud v\u00f5imalik toimetada kohale seoses selle kauba varude l\u00f5ppemisega, teatab\u00a0<strong>luigemoobel.ee<\/strong>\u00a0Teile sellest ning tagastab viivitamata makstud raha (s.h. ka kohaletoimetamiskulud) hiljemalt 14 p\u00e4eva jooksul teate saatmise hetkest.<\/li>\n<\/ol>\n<\/li>\n<\/ol>\n<ol style=\"font-weight: 400;\">\n<li><strong>TAGASTAMIS\u00d5IGUS<\/strong><\/li>\n<\/ol>\n<ol style=\"font-weight: 400;\">\n<li style=\"list-style-type: none;\">\n<ol>\n<li>P\u00e4rast tellimuse k\u00e4ttesaamist on\u00a0<strong>Tarbijal<\/strong>\u00a0\u00f5igus e-poes s\u00f5lmitud lepingust taganeda p\u00f5hjust avaldamata 14 p\u00e4eva jooksul.<\/li>\n<li>Tagastamisele kuuluva eseme seisukorra halvenemisel vastutab\u00a0<strong>Tarbija<\/strong>\u00a0asja kasutamisest tingitud v\u00e4\u00e4rtuse v\u00e4henemise eest \u00fcksnes juhul, kui ta on eset kasutanud muul viisil, kui on vaja asja olemuses, omadustes ja toimimises veendumiseks. Et veenduda eseme olemuses, omadustes ja toimimises, peaks\u00a0<strong>Tarbija<\/strong>\u00a0k\u00e4sitsema ja kasutama asja \u00fcksnes nii, nagu tal lubataks seda tavap\u00e4raselt poes teha.<\/li>\n<li>Kauba tagastamiseks tuleb esitada Kauba ostust taganemise avaldus ning saata see aadressile <a href=\"mailto:info@luigemoobel.ee\"><strong>info@luigemoobel.ee<\/strong><\/a> hiljemalt 14 p\u00e4eva jooksul kauba k\u00e4ttesaamisest.<\/li>\n<li><strong>Tarbija<\/strong>\u00a0peab kauba tagastama avalduse esitamisele j\u00e4rgneva 14 p\u00e4eva jooksul v\u00f5i esitama t\u00f5endi, et ta on eelnimetatud perioodi jooksul kauba \u00fcle andnud logistikafirmale.<\/li>\n<li>Veebipood\u00a0<strong>luigemoobel.ee<\/strong>\u00a0tagastab taganemisavalduse k\u00e4ttesaamisel tarbijale viivitamata, kuid mitte hiljem kui 14 p\u00e4eva m\u00f6\u00f6dumisel, k\u00f5ik tarbijalt lepingu alusel saadud tasud, muu hulgas\u00a0<strong>Tarbija<\/strong>\u00a0kasutatud eseme k\u00e4ttetoimetamise kulud, v.a juhul, kui tarbija on s\u00f5naselgelt valinud ettev\u00f5tja pakutud k\u00f5ige odavamast eseme k\u00e4ttetoimetamise viisist erineva k\u00e4ttetoimetamise viisi, ei pea Veebipood\u00a0<strong>Tarbijale<\/strong>\u00a0tagastama kulu, mis \u00fcletab tavap\u00e4rase k\u00e4ttetoimetamise viisiga seotud kulu.<\/li>\n<li>Tagastamisega seotud kulud (n\u00e4iteks postikulud) maksab kinni\u00a0<strong>Tarbija<\/strong>.\u00a0<strong>Tarbija<\/strong>\u00a0v\u00f5ib kasutada lepingust taganemise \u00f5igust kui kaup on kasutamata ja rikkumata. Soovitame kliendil k\u00f5ik kaubad, mida ta soovib tagastada, saata tagasi v\u00f5i kohale toimetada \u00fche korraga ja originaal-transpordipakendis.<\/li>\n<li>Tagastatav kaup peab olema kasutamata ja rikkumata ning originaalpakendis.\u00a0<strong>Tarbijal<\/strong>\u00a0on \u00f5igus kaubaga tutvuda viisil, nagu see on lubatud tavap\u00e4raselt poes ning\u00a0<strong>Tarbija<\/strong>\u00a0vastutab kaubaga tutvumisel kauba v\u00e4\u00e4rtuse v\u00e4henemise eest, kui ta on kaupa kasutanud eeltoodust muul viisil. 14-p\u00e4evane taganemis\u00f5igus ei kehti kaupadele, kui tellitud kaup on valmistatud\u00a0<strong>Tarbija<\/strong>\u00a0isiklikke vajadusi arvestades. Samuti ei kehti 14-p\u00e4evane taganemis\u00f5igus kaupadele, mis ei oleks peale pakendi avamist k\u00f5lblikud tagasisaatmiseks tervisekaitse v\u00f5i h\u00fcgieenilistel p\u00f5hjustel (nt madratsid, tekid ja padjad). Lisaks ei kuulu tagastamisele kinkekaardid.<\/li>\n<\/ol>\n<\/li>\n<li><strong>V\u00c4\u00c4RAMATU J\u00d5UD<\/strong><\/li>\n<\/ol>\n<ol style=\"font-weight: 400;\">\n<li style=\"list-style-type: none;\">\n<ol>\n<li>Veebipood\u00a0<strong>luigemoobel.ee<\/strong>\u00a0ei vastuta Tellijale tekitatud kahjude v\u00f5i kauba kohaletoimetamise viivituse eest juhul, kui kahju v\u00f5i kauba kohaletoimetamise viivitamine on tingitud asjaoludest, mida veebipood\u00a0<strong>luigemoobel.ee<\/strong>\u00a0ei saanud m\u00f5jutada v\u00f5i ette n\u00e4ha.<\/li>\n<\/ol>\n<\/li>\n<\/ol>\n<ol style=\"font-weight: 400;\">\n<li><strong>PRETENSIOONIDE ESITAMINE<\/strong><\/li>\n<\/ol>\n<ol>\n<li style=\"list-style-type: none;\">\n<ol>\n<li>M\u00fc\u00fcja vastutab ostetud kaubal ilmneva mittevastavuse eest 2. aasta jooksul alates kauba Tarbijale \u00fcleandmisest. Tarbijale kauba m\u00fc\u00fcmise korral eeldatakse, et 6 kuu jooksul kauba Tarbijale \u00fcleandmise p\u00e4evast ilmnenud lepingutingimustele mittevastavus oli olemas asja \u00fcleandmise ajal, kui selline eeldus ei ole vastuolus asja v\u00f5i puuduse olemusega. Tarbija kohustub M\u00fc\u00fcjat teavitama kauba mittevastavusest hiljemalt 2 kuu jooksul selle avastamisest ehk esitama pretensiooni. Puuduse avastamisel peab Tarbija kasutusele v\u00f5tma m\u00f5istlikud abin\u00f5ud kauba s\u00e4ilitamiseks ja kaitsmiseks, sh mitte kasutama puudusega kaupa kui kauba kasutamine halvendab veelgi kauba seisukorda.<\/li>\n<li>Pretensiooni esitamiseks kauba v\u00f5i teenuse kohta on Tarbijal vajalik \u00e4ra t\u00e4ita vastav vorm ja edastada see M\u00fc\u00fcja e-posti aadressile info@luigemoobel.ee .M\u00fc\u00fcja vastab kaebusele hiljemalt 15. p\u00e4eva jooksul alates kaebuse saamisest. <a href=\"https:\/\/dev.luigemoobel.ee\/wp-content\/uploads\/2024\/05\/pretensiooni-vorm.docx\">Pretensiooni vormi leiate siit.<\/a> NB! Pretensioonile tuleb kindlasti lisada ka pretensiooni iseloomustavad fotod.<\/li>\n<li>Pretensioonide lahendamiseks peab Tarbija s\u00e4ilitama kindlasti ostudokumendid (arve, leping jne), mis t\u00f5endavad, et kaup on ostetud M\u00fc\u00fcja e-poest. Ilma m\u00fc\u00fcki t\u00f5endava dokumendita v\u00f5ib M\u00fc\u00fcja probleemi lahendamata j\u00e4tta.<\/li>\n<li>M\u00fc\u00fcja ei vastuta tellimuse t\u00e4itmisel Tarbija poolt esitatud ebakorrektsetest andmetest tekkiva kahju v\u00f5i mis tahes muude tagaj\u00e4rgede eest, sealhulgas kohaletoimetamise viivituse eest, kui see on tingitud asjaoludest, mida M\u00fc\u00fcjal ei olnud v\u00f5imalik m\u00f5jutada.<\/li>\n<li>M\u00fc\u00fcja ei vastuta kauba puuduste eest, mis on tekkinud kauba otstarbele mittevastava kasutamise, hooldamise v\u00f5i hooletusest tuleneva rikkumise t\u00f5ttu.<\/li>\n<li>Puudusega kauba korral on Tarbijal \u00f5igus n\u00f5uda esmalt kauba tasuta parandamist v\u00f5i selle asendamist uue kaubaga. N\u00f5uda ostuhinna alandamist v\u00f5i lepingust taganemist, juhul kui: M\u00fc\u00fcjal ei ole v\u00f5imalik kaupa parandada v\u00f5i asendada, parandamine eba\u00f5nnestub, M\u00fc\u00fcja ei ole kauba puudust m\u00f5istliku aja jooksul k\u00f5rvaldanud, kauba parandamise v\u00f5i asendamisega on Tarbijale tekitatud p\u00f5hjendamatuid ebamugavusi.<\/li>\n<li>Tarbija \u00f5igus p\u00f6\u00f6rduda tarbijavaidluste komisjoni poole: Kui M\u00fc\u00fcja on keeldunud tarbija kaebust lahendamast v\u00f5i Tarbija ei ole n\u00f5us M\u00fc\u00fcja pakutud lahendusega ja leiab, et on rikutud tema \u00f5igusi v\u00f5i kahjustatud tema huve, v\u00f5ib Tarbija esitada kaebuse tarbijavaidluste komisjonile Tarbijakaitseameti kaudu v\u00f5i kohtule. Tarbija v\u00f5ib esitada kaebuse ise v\u00f5i esindaja kaudu.<\/li>\n<\/ol>\n<\/li>\n<\/ol>\n<ol style=\"font-weight: 400;\">\n<li><strong>ISIKUANDMETE T\u00d6\u00d6TLEMINE<\/strong><\/li>\n<\/ol>\n<ol style=\"font-weight: 400;\">\n<li style=\"list-style-type: none;\">\n<ol>\n<li><strong>Tarbija<\/strong>\u00a0annab veebipoes andmeid sisestades ning vastava kinnitusega \u00f5iguse koguda ja t\u00f6\u00f6delda\u00a0<strong>Tarbija<\/strong>isikuandmeid (nimi, kontakttelefon, paki k\u00e4ttetoimetamise ja\/v\u00f5i kodune aadress, e-postiaadress) ning edastada logistikapartnerile isikuandmeid kauba kohaletoimetamiseks.<\/li>\n<li>Veebipoel\u00a0<strong>luigemoobel.ee<\/strong>\u00a0on \u00f5igus kasutada\u00a0<strong>Tarbija<\/strong>\u00a0elu- v\u00f5i asukoha aadressi reklaami ja muu informatsiooni edastamiseks Tarbijale.<\/li>\n<li><strong>Tarbijal<\/strong>\u00a0on igal ajal \u00f5igus keelata oma isikuandmete kogumine ning kasutamine, v\u00e4lja arvatud juhul, kui see on vajalik lepingust tuleneva n\u00f5ude sissen\u00f5udmiseks v\u00f5i kauba kohaletoimetamiseks.<\/li>\n<li>Elektrooniliste isikuandmete kasutamine otsepostituseks toimub ainult siis, kui\u00a0<strong>Tarbija<\/strong>\u00a0on selle jaoks andnud eraldi n\u00f5usoleku veebilehel\u00a0<strong>luigemoobel.ee<\/strong>. (link otsepostituse mooduli juurde)<\/li>\n<li>Kr\u00fcpteeritud andmeside pankadega ostude eest tasumisel tagab Tarbija personaalsete pangatunnuste turvalisuse ja neile puudub ka Veebipoel ligip\u00e4\u00e4s.<\/li>\n<\/ol>\n<\/li>\n<\/ol>\n","protected":false},"excerpt":{"rendered":"<p>M\u00fc\u00fcgitingimused M\u00dc\u00dcGITINGIMUSTE KEHTIVU M\u00fc\u00fcgi tingimused kehtivad luigemoobel.ee veebipoest ostja (edaspidi\u00a0Tarbija) ja ettev\u00f5tja\u00a0Entrega M\u00f6\u00f6bel O\u00dc\u00a0(edaspidi veebipood\u00a0luigemoobel.ee) vahel kaupade ja teenuste ostmisel.<\/p>\n","protected":false},"author":2,"featured_media":0,"parent":0,"menu_order":0,"comment_status":"closed","ping_status":"closed","template":"","meta":{"footnotes":""},"class_list":["post-1521330","page","type-page","status-publish","hentry"],"_links":{"self":[{"href":"https:\/\/dev.luigemoobel.ee\/ru\/wp-json\/wp\/v2\/pages\/1521330","targetHints":{"allow":["GET"]}}],"collection":[{"href":"https:\/\/dev.luigemoobel.ee\/ru\/wp-json\/wp\/v2\/pages"}],"about":[{"href":"https:\/\/dev.luigemoobel.ee\/ru\/wp-json\/wp\/v2\/types\/page"}],"author":[{"embeddable":true,"href":"https:\/\/dev.luigemoobel.ee\/ru\/wp-json\/wp\/v2\/users\/2"}],"replies":[{"embeddable":true,"href":"https:\/\/dev.luigemoobel.ee\/ru\/wp-json\/wp\/v2\/comments?post=1521330"}],"version-history":[{"count":0,"href":"https:\/\/dev.luigemoobel.ee\/ru\/wp-json\/wp\/v2\/pages\/1521330\/revisions"}],"wp:attachment":[{"href":"https:\/\/dev.luigemoobel.ee\/ru\/wp-json\/wp\/v2\/media?parent=1521330"}],"curies":[{"name":"wp","href":"https:\/\/api.w.org\/{rel}","templated":true}]}}