{"id":1646619,"date":"2024-12-18T14:52:02","date_gmt":"2024-12-18T12:52:02","guid":{"rendered":"https:\/\/dev.luigemoobel.ee\/product\/%d1%82%d1%83%d0%b0%d0%bb%d0%b5%d1%82%d0%bd%d1%8b%d0%b9-%d1%81%d1%82%d0%be%d0%bb%d0%b8%d0%ba-meorati-85-vanity-table-black-artisan-oak\/"},"modified":"2025-09-09T19:17:35","modified_gmt":"2025-09-09T16:17:35","slug":"tualetnyi-stolik-meorati-85-vanity-table-blackartisan-oak","status":"publish","type":"product","link":"https:\/\/dev.luigemoobel.ee\/ru\/product\/tualetnyi-stolik-meorati-85-vanity-table-blackartisan-oak\/","title":{"rendered":"\u0422\u0443\u0430\u043b\u0435\u0442\u043d\u044b\u0439 \u0441\u0442\u043e\u043b\u0438\u043a Meorati 85 Vanity table Black\/Artisan Oak"},"content":{"rendered":"<p>\u0427\u0435\u0440\u043d\u044b\u0439 \u043f\u0440\u0438\u043a\u0440\u043e\u0432\u0430\u0442\u043d\u044b\u0439 \u0441\u0442\u043e\u043b\u0438\u043a Meorati &#8212; \u044d\u0442\u043e \u044d\u043b\u0435\u0433\u0430\u043d\u0442\u043d\u044b\u0439 \u0438 \u0441\u043e\u0432\u0440\u0435\u043c\u0435\u043d\u043d\u044b\u0439 \u043f\u0440\u0435\u0434\u043c\u0435\u0442 \u043c\u0435\u0431\u0435\u043b\u0438, \u043a\u043e\u0442\u043e\u0440\u044b\u0439 \u043d\u0435\u043f\u0440\u0435\u043c\u0435\u043d\u043d\u043e \u0441\u0442\u0430\u043d\u0435\u0442 \u0441\u0442\u0438\u043b\u044c\u043d\u044b\u043c \u0434\u043e\u043f\u043e\u043b\u043d\u0435\u043d\u0438\u0435\u043c \u0432\u0430\u0448\u0435\u0439 \u0441\u043f\u0430\u043b\u044c\u043d\u0438. \u041e\u043d \u043e\u0431\u043b\u0430\u0434\u0430\u0435\u0442 \u0440\u0430\u0437\u043c\u0435\u0440\u0430\u043c\u0438: \u0433\u043b\u0443\u0431\u0438\u043d\u0430 &#8212; 40 \u0441\u043c, \u0448\u0438\u0440\u0438\u043d\u0430 &#8212; 40 \u0441\u043c \u0438 \u0432\u044b\u0441\u043e\u0442\u0430 &#8212; 60 \u0441\u043c, \u0447\u0442\u043e \u0434\u0435\u043b\u0430\u0435\u0442 \u0435\u0433\u043e \u043a\u043e\u043c\u043f\u0430\u043a\u0442\u043d\u044b\u043c, \u043d\u043e \u043f\u0440\u0438 \u044d\u0442\u043e\u043c \u043f\u0440\u0435\u0434\u043b\u0430\u0433\u0430\u0435\u0442 \u0434\u043e\u0441\u0442\u0430\u0442\u043e\u0447\u043d\u043e \u043c\u0435\u0441\u0442\u0430 \u0434\u043b\u044f \u0445\u0440\u0430\u043d\u0435\u043d\u0438\u044f \u0440\u0430\u0437\u043b\u0438\u0447\u043d\u044b\u0445 \u043f\u0440\u0435\u0434\u043c\u0435\u0442\u043e\u0432. \u041f\u0440\u0438\u043a\u0440\u043e\u0432\u0430\u0442\u043d\u044b\u0439 \u0441\u0442\u043e\u043b\u0438\u043a Meorati \u0438\u0437\u0433\u043e\u0442\u043e\u0432\u043b\u0435\u043d \u0438\u0437 \u043f\u0440\u043e\u0447\u043d\u043e\u0439 \u043f\u043b\u0438\u0442\u044b \u0442\u043e\u043b\u0449\u0438\u043d\u043e\u0439 16 \u043c\u043c, \u0447\u0442\u043e \u0433\u0430\u0440\u0430\u043d\u0442\u0438\u0440\u0443\u0435\u0442 \u0435\u0433\u043e \u0434\u043e\u043b\u0433\u043e\u0432\u0435\u0447\u043d\u043e\u0441\u0442\u044c \u0438 \u0443\u0441\u0442\u043e\u0439\u0447\u0438\u0432\u043e\u0441\u0442\u044c. \u041a\u043e\u0440\u043f\u0443\u0441 \u0438 \u044f\u0449\u0438\u043a\u0438 \u043e\u0431\u0440\u0430\u0431\u043e\u0442\u0430\u043d\u044b \u043a\u0440\u043e\u043c\u043a\u043e\u0439 ABS, \u043a\u043e\u0442\u043e\u0440\u0430\u044f \u043d\u0435 \u0442\u043e\u043b\u044c\u043a\u043e \u043f\u0440\u0438\u0434\u0430\u0435\u0442 \u0438\u0437\u044b\u0441\u043a\u0430\u043d\u043d\u043e\u0441\u0442\u044c \u043c\u0435\u0431\u0435\u043b\u0438, \u043d\u043e \u0438 \u0437\u0430\u0449\u0438\u0449\u0430\u0435\u0442 \u0435\u0435 \u043e\u0442 \u043f\u043e\u0432\u0440\u0435\u0436\u0434\u0435\u043d\u0438\u0439, \u043e\u0431\u0435\u0441\u043f\u0435\u0447\u0438\u0432\u0430\u044f \u0434\u043b\u0438\u0442\u0435\u043b\u044c\u043d\u043e\u0435 \u0438\u0441\u043f\u043e\u043b\u044c\u0437\u043e\u0432\u0432\u0430\u043d\u0435.<\/p>\n<p>\u041d\u043e\u0436\u043a\u0438 \u043f\u0440\u0438\u043a\u0440\u043e\u0432\u0430\u0442\u043d\u043e\u0433\u043e \u0441\u0442\u043e\u043b\u0438\u043a\u0430 Meorati \u0432\u044b\u043f\u043e\u043b\u043d\u0435\u043d\u044b \u0438\u0437 \u043f\u0440\u043e\u0447\u043d\u043e\u0433\u043e \u0447\u0435\u0440\u043d\u043e\u0433\u043e \u043c\u0435\u0442\u0430\u043b\u043b\u0430, \u0447\u0442\u043e \u043f\u0440\u0438\u0434\u0430\u0435\u0442 \u0435\u043c\u0443 \u0441\u043e\u0432\u0440\u0435\u043c\u0435\u043d\u043d\u044b\u0439 \u0445\u0430\u0440\u0430\u043a\u0442\u0435\u0440 \u0438 \u043e\u0431\u0435\u0441\u043f\u0435\u0447\u0438\u0432\u0430\u0435\u0442 \u0441\u0442\u0430\u0431\u0438\u043b\u044c\u043d\u043e\u0441\u0442\u044c. \u0412\u044b\u0441\u043e\u0442\u0430 \u043d\u043e\u0436\u0435\u043a 20 \u0441\u043c \u0438\u0434\u0435\u0430\u043b\u044c\u043d\u043e \u0441\u043e\u0447\u0435\u0442\u0430\u0435\u0442\u0441\u044f \u0441 \u0432\u044b\u0441\u043e\u0442\u043e\u0439 \u043a\u0440\u043e\u0432\u0430\u0442\u0438, \u0447\u0442\u043e \u043f\u043e\u0437\u0432\u043e\u043b\u044f\u0435\u0442 \u043b\u0435\u0433\u043a\u043e \u0434\u043e\u0441\u0442\u0430\u0432\u0430\u0442\u044c \u0445\u0440\u0430\u043d\u0438\u043c\u044b\u0435 \u043f\u0440\u0435\u0434\u043c\u0435\u0442\u044b. \u041f\u0440\u0438\u043a\u0440\u043e\u0432\u0430\u0442\u043d\u044b\u0439 \u0441\u0442\u043e\u043b\u0438\u043a Meorati \u043e\u0441\u043d\u0430\u0449\u0435\u043d \u0434\u0432\u0443\u043c\u044f \u0432\u044b\u0434\u0432\u0438\u0436\u043d\u044b\u043c\u0438 \u044f\u0449\u0438\u043a\u0430\u043c\u0438 \u0441\u043e \u0441\u0432\u0435\u0442\u043b\u044b\u043c\u0438 \u0444\u0430\u0441\u0430\u0434\u0430\u043c\u0438, \u0444\u0440\u0435\u0437\u0435\u0440\u043e\u0432\u0430\u043d\u043d\u044b\u043c\u0438 \u043f\u043e \u043a\u0440\u0430\u044f\u043c, \u0447\u0442\u043e \u0434\u043e\u0431\u0430\u0432\u043b\u044f sagen\u043c \u0435\u043c char\u0436\u0435\u043d\u0438\u044f \u044d\u0442\u043e\u043c\u0443 sCustomer\u043e\u0433\u043e Customer \u0432\u0438\u0434\u0435\u043d\u0430\u043c f\u00fchre \u0441f\u00fchle U. soiraitra door\u043e der\u0451\u0435\u043a\u00aeakratih Krishna madenit\u0438\u043c natmadnie Prindet fe\u00e4rr\u00e4\u00e4fe\u00e4rr\u00e4\u00e4m\u00e4hire%pro. \u0438\u044dbeginenEND. \u043e\u0442Stundand Uendig\u043a\u0440\u0430\u0442\u043e\u0438\u0442 niet \u043f\u0440\u0449\u043e\u0441\u043b\u0435ambic\u0447\u0430\u0441\u00aeMsoobmoom aesthetis Predict asiatique innand ET freundand Uriage INT\u0430\u0440\u0442\u0438jo\u0441\u0442\u0430\u043d\u043e\u0432\u0435\u0433\u0438\u0441\u0442\u00f6nchenunities l\u00e5gt \u043c\u043d\u0435inden.<\/p>\n<p>\u0427\u0435\u0440\u043d\u044b\u0439 \u043f\u0440\u0438\u043a\u0440\u043e\u0432\u0430\u0442\u043d\u044b\u0439 \u0441\u0442\u043e\u043b\u0438\u043a Meorati \u0432\u044b\u0434\u0435\u043b\u044f\u0435\u0442\u0441\u044f \u0441\u0432\u043e\u0438\u043c \u0441\u043e\u0432\u0440\u0435\u043c\u0435\u043d\u043d\u044b\u043c \u0441\u0442\u0438\u043b\u0435\u043c, \u0432\u044b\u0441\u043e\u043a\u0438\u043c \u043a\u0430\u0447\u0435\u0441\u0442\u0432\u043e\u043c \u0438\u0441\u043f\u043e\u043b\u043d\u0435\u043d\u0438\u044f \u0438 \u0444\u0443\u043d\u043a\u0446\u0438\u043e\u043d\u0430\u043b\u044c\u043d\u043e\u0441\u0442\u044c\u044e. \u0411\u043b\u0430\u0433\u043e\u0434\u0430\u0440\u044f \u043a\u043e\u043c\u043f\u0430\u043a\u0442\u043d\u044b\u043c \u0440\u0430\u0437\u043c\u0435\u0440\u0430\u043c \u0438 \u043f\u0440\u0430\u043a\u0442\u0438\u0447\u043d\u044b\u043c \u044f\u0449\u0438\u043a\u0430\u043c \u0432\u0441\u0435 \u043d\u0435\u043e\u0431\u0445\u043e\u0434\u0438\u043c\u044b\u0435 \u043f\u0440\u0435\u0434\u043c\u0435\u0442\u044b \u0432\u0441\u0435\u0433\u0434\u0430 \u0431\u0443\u0434\u0443\u0442 \u043f\u043e\u0434 \u0440\u0443\u043a\u043e\u0439. \u042d\u0442\u043e \u0438\u0434\u0435\u0430\u043b\u044c\u043d\u043e\u0435 \u0440\u0435\u0448\u0435\u043d\u0438\u0435, \u043a\u043e\u0442\u043e\u0440\u043e\u0435 \u0441\u043e\u0447\u0435\u0442\u0430\u0435\u0442 \u0432 \u0441\u0435\u0431\u0435 \u044d\u0441\u0442\u0435\u0442\u0438\u043a\u0443, \u0444\u0443\u043d\u043a\u0446\u0438\u043e\u043d\u0430\u043b\u044c\u043d\u043e\u0441\u0442\u044c \u0438 \u0434\u043e\u043b\u0433\u043e\u0432\u0435\u0447\u043d\u043e\u0441\u0442\u044c.<\/p>\n","protected":false},"excerpt":{"rendered":"<p>\u0427\u0435\u0440\u043d\u044b\u0439 \u043f\u0440\u0438\u043a\u0440\u043e\u0432\u0430\u0442\u043d\u044b\u0439 \u0441\u0442\u043e\u043b\u0438\u043a Meorati &#8212; \u044d\u0442\u043e \u044d\u043b\u0435\u0433\u0430\u043d\u0442\u043d\u044b\u0439 \u0438 \u0441\u043e\u0432\u0440\u0435\u043c\u0435\u043d\u043d\u044b\u0439 \u043f\u0440\u0435\u0434\u043c\u0435\u0442 \u043c\u0435\u0431\u0435\u043b\u0438, \u043a\u043e\u0442\u043e\u0440\u044b\u0439 \u043d\u0435\u043f\u0440\u0435\u043c\u0435\u043d\u043d\u043e \u0441\u0442\u0430\u043d\u0435\u0442 \u0441\u0442\u0438\u043b\u044c\u043d\u044b\u043c \u0434\u043e\u043f\u043e\u043b\u043d\u0435\u043d\u0438\u0435\u043c \u0432\u0430\u0448\u0435\u0439 \u0441\u043f\u0430\u043b\u044c\u043d\u0438. \u041e\u043d \u043e\u0431\u043b\u0430\u0434\u0430\u0435\u0442<\/p>\n","protected":false},"featured_media":0,"template":"","meta":[],"product_brand":[],"product_cat":[1520,1564,1576],"product_tag":[],"class_list":{"0":"post-1646619","1":"product","2":"type-product","3":"status-publish","4":"has-post-thumbnail","6":"product_cat-mebel","7":"product_cat-stoly","8":"product_cat-tualetnye-stoliki","9":"product_shipping_class-furniture-ru","11":"first","12":"instock","13":"sale","14":"taxable","15":"shipping-taxable","16":"purchasable","17":"product-type-simple"},"_links":{"self":[{"href":"https:\/\/dev.luigemoobel.ee\/ru\/wp-json\/wp\/v2\/product\/1646619","targetHints":{"allow":["GET"]}}],"collection":[{"href":"https:\/\/dev.luigemoobel.ee\/ru\/wp-json\/wp\/v2\/product"}],"about":[{"href":"https:\/\/dev.luigemoobel.ee\/ru\/wp-json\/wp\/v2\/types\/product"}],"wp:attachment":[{"href":"https:\/\/dev.luigemoobel.ee\/ru\/wp-json\/wp\/v2\/media?parent=1646619"}],"wp:term":[{"taxonomy":"product_brand","embeddable":true,"href":"https:\/\/dev.luigemoobel.ee\/ru\/wp-json\/wp\/v2\/product_brand?post=1646619"},{"taxonomy":"product_cat","embeddable":true,"href":"https:\/\/dev.luigemoobel.ee\/ru\/wp-json\/wp\/v2\/product_cat?post=1646619"},{"taxonomy":"product_tag","embeddable":true,"href":"https:\/\/dev.luigemoobel.ee\/ru\/wp-json\/wp\/v2\/product_tag?post=1646619"}],"curies":[{"name":"wp","href":"https:\/\/api.w.org\/{rel}","templated":true}]}}